{"id":232,"date":"2024-02-26T11:23:54","date_gmt":"2024-02-26T11:23:54","guid":{"rendered":"https:\/\/www.apucons.com\/bo\/?page_id=232"},"modified":"2024-07-01T15:34:04","modified_gmt":"2024-07-01T20:34:04","slug":"analisis-de-precios-unitarios","status":"publish","type":"page","link":"https:\/\/www.apucons.com\/bo\/analisis-de-precios-unitarios\/","title":{"rendered":"An\u00e1lisis de precios unitarios"},"content":{"rendered":"<p>[et_pb_section fb_built=\u00bb1&#8243; _builder_version=\u00bb4.24.2&#8243; _module_preset=\u00bbdefault\u00bb custom_padding=\u00bb54px||65px|||\u00bb global_colors_info=\u00bb{}\u00bb][et_pb_row _builder_version=\u00bb4.24.2&#8243; _module_preset=\u00bbdefault\u00bb global_colors_info=\u00bb{}\u00bb][et_pb_column type=\u00bb4_4&#8243; _builder_version=\u00bb4.24.2&#8243; _module_preset=\u00bbdefault\u00bb global_colors_info=\u00bb{}\u00bb][et_pb_text _builder_version=\u00bb4.24.2&#8243; _module_preset=\u00bbdefault\u00bb custom_margin=\u00bb||-12px|||\u00bb global_colors_info=\u00bb{}\u00bb]<\/p>\n<h1>An\u00e1lisis de precios unitarios<\/h1>\n<p>&nbsp;<\/p>\n<p>[\/et_pb_text][\/et_pb_column][\/et_pb_row][et_pb_row _builder_version=\u00bb4.24.2&#8243; _module_preset=\u00bbdefault\u00bb custom_padding=\u00bb11px|||||\u00bb global_colors_info=\u00bb{}\u00bb][et_pb_column type=\u00bb4_4&#8243; _builder_version=\u00bb4.24.2&#8243; _module_preset=\u00bbdefault\u00bb global_colors_info=\u00bb{}\u00bb][et_pb_text _builder_version=\u00bb4.24.2&#8243; _module_preset=\u00bbdefault\u00bb custom_margin=\u00bb||45px|||\u00bb global_colors_info=\u00bb{}\u00bb]<\/p>\n<h4>Matrices de an\u00e1lisis de precios unitarios APU<\/h4>\n<p>Consulte los an\u00e1lisis de precios unitarios (APU)<\/p>\n<p>Los Rubros o Actividades est\u00e1n agrupados por Categor\u00edas. y Lugar<\/p>\n<p>Al hacer clic sobre un \u00edtem se desplegar\u00e1 el an\u00e1lisis de precios unitarios desglosado en Mano de obra, Equipo, Maquinaria y Herramientas.<\/p>\n<p>Puede usar el bot\u00f3n de b\u00fasqueda para buscar un \u00edtem o actividad.<\/p>\n<p>[\/et_pb_text][et_pb_gallery gallery_ids=\u00bb810&#8243; fullwidth=\u00bbon\u00bb _builder_version=\u00bb4.24.2&#8243; _module_preset=\u00bbdefault\u00bb hover_enabled=\u00bb0&#8243; global_colors_info=\u00bb{}\u00bb sticky_enabled=\u00bb0&#8243;][\/et_pb_gallery][\/et_pb_column][\/et_pb_row][\/et_pb_section]<\/p>\n","protected":false},"excerpt":{"rendered":"<p>An\u00e1lisis de precios unitarios &nbsp;Matrices de an\u00e1lisis de precios unitarios APU Consulte los an\u00e1lisis de precios unitarios (APU) Los Rubros o Actividades est\u00e1n agrupados por Categor\u00edas. y Lugar Al hacer clic sobre un \u00edtem se desplegar\u00e1 el an\u00e1lisis de precios unitarios desglosado en Mano de obra, Equipo, Maquinaria y Herramientas. Puede usar el bot\u00f3n de [&hellip;]<\/p>\n","protected":false},"author":1,"featured_media":0,"parent":0,"menu_order":0,"comment_status":"closed","ping_status":"closed","template":"","meta":{"_et_pb_use_builder":"on","_et_pb_old_content":"","_et_gb_content_width":"","inline_featured_image":false,"_joinchat":[],"footnotes":""},"class_list":["post-232","page","type-page","status-publish","hentry"],"yoast_head":"<!-- This site is optimized with the Yoast SEO plugin v27.2 - https:\/\/yoast.com\/product\/yoast-seo-wordpress\/ -->\n<title>An\u00e1lisis de precios unitarios - Apucons Bolivia<\/title>\n<meta name=\"description\" content=\"Explora matrices y an\u00e1lisis de precios unitarios (APU) organizados por categor\u00edas y ubicaciones. Desglose detallado de equipos, mano de obra y materiales. Utiliza la funci\u00f3n de b\u00fasqueda para encontrar r\u00e1pidamente lo que necesitas.\" \/>\n<meta name=\"robots\" content=\"index, follow, max-snippet:-1, max-image-preview:large, max-video-preview:-1\" \/>\n<link rel=\"canonical\" href=\"https:\/\/www.apucons.com\/bo\/analisis-de-precios-unitarios\/\" \/>\n<meta property=\"og:locale\" content=\"es_ES\" \/>\n<meta property=\"og:type\" content=\"article\" \/>\n<meta property=\"og:title\" content=\"An\u00e1lisis de precios unitarios - Apucons Bolivia\" \/>\n<meta property=\"og:description\" content=\"Explora matrices y an\u00e1lisis de precios unitarios (APU) organizados por categor\u00edas y ubicaciones. Desglose detallado de equipos, mano de obra y materiales. Utiliza la funci\u00f3n de b\u00fasqueda para encontrar r\u00e1pidamente lo que necesitas.\" \/>\n<meta property=\"og:url\" content=\"https:\/\/www.apucons.com\/bo\/analisis-de-precios-unitarios\/\" \/>\n<meta property=\"og:site_name\" content=\"Apucons Bolivia\" \/>\n<meta property=\"article:modified_time\" content=\"2024-07-01T20:34:04+00:00\" \/>\n<meta name=\"twitter:card\" content=\"summary_large_image\" \/>\n<meta name=\"twitter:label1\" content=\"Tiempo de lectura\" \/>\n\t<meta name=\"twitter:data1\" content=\"1 minuto\" \/>\n<script type=\"application\/ld+json\" class=\"yoast-schema-graph\">{\"@context\":\"https:\/\/schema.org\",\"@graph\":[{\"@type\":\"WebPage\",\"@id\":\"https:\/\/www.apucons.com\/bo\/analisis-de-precios-unitarios\/\",\"url\":\"https:\/\/www.apucons.com\/bo\/analisis-de-precios-unitarios\/\",\"name\":\"An\u00e1lisis de precios unitarios - Apucons Bolivia\",\"isPartOf\":{\"@id\":\"https:\/\/www.apucons.com\/bo\/#website\"},\"datePublished\":\"2024-02-26T11:23:54+00:00\",\"dateModified\":\"2024-07-01T20:34:04+00:00\",\"description\":\"Explora matrices y an\u00e1lisis de precios unitarios (APU) organizados por categor\u00edas y ubicaciones. Desglose detallado de equipos, mano de obra y materiales. Utiliza la funci\u00f3n de b\u00fasqueda para encontrar r\u00e1pidamente lo que necesitas.\",\"breadcrumb\":{\"@id\":\"https:\/\/www.apucons.com\/bo\/analisis-de-precios-unitarios\/#breadcrumb\"},\"inLanguage\":\"es\",\"potentialAction\":[{\"@type\":\"ReadAction\",\"target\":[\"https:\/\/www.apucons.com\/bo\/analisis-de-precios-unitarios\/\"]}]},{\"@type\":\"BreadcrumbList\",\"@id\":\"https:\/\/www.apucons.com\/bo\/analisis-de-precios-unitarios\/#breadcrumb\",\"itemListElement\":[{\"@type\":\"ListItem\",\"position\":1,\"name\":\"Portada\",\"item\":\"https:\/\/www.apucons.com\/bo\/\"},{\"@type\":\"ListItem\",\"position\":2,\"name\":\"An\u00e1lisis de precios unitarios\"}]},{\"@type\":\"WebSite\",\"@id\":\"https:\/\/www.apucons.com\/bo\/#website\",\"url\":\"https:\/\/www.apucons.com\/bo\/\",\"name\":\"Apucons Bolivia\",\"description\":\"Software Presupuestos de obra para Construcci\u00f3n\",\"potentialAction\":[{\"@type\":\"SearchAction\",\"target\":{\"@type\":\"EntryPoint\",\"urlTemplate\":\"https:\/\/www.apucons.com\/bo\/?s={search_term_string}\"},\"query-input\":{\"@type\":\"PropertyValueSpecification\",\"valueRequired\":true,\"valueName\":\"search_term_string\"}}],\"inLanguage\":\"es\"}]}<\/script>\n<!-- \/ Yoast SEO plugin. -->","yoast_head_json":{"title":"An\u00e1lisis de precios unitarios - Apucons Bolivia","description":"Explora matrices y an\u00e1lisis de precios unitarios (APU) organizados por categor\u00edas y ubicaciones. Desglose detallado de equipos, mano de obra y materiales. Utiliza la funci\u00f3n de b\u00fasqueda para encontrar r\u00e1pidamente lo que necesitas.","robots":{"index":"index","follow":"follow","max-snippet":"max-snippet:-1","max-image-preview":"max-image-preview:large","max-video-preview":"max-video-preview:-1"},"canonical":"https:\/\/www.apucons.com\/bo\/analisis-de-precios-unitarios\/","og_locale":"es_ES","og_type":"article","og_title":"An\u00e1lisis de precios unitarios - Apucons Bolivia","og_description":"Explora matrices y an\u00e1lisis de precios unitarios (APU) organizados por categor\u00edas y ubicaciones. Desglose detallado de equipos, mano de obra y materiales. Utiliza la funci\u00f3n de b\u00fasqueda para encontrar r\u00e1pidamente lo que necesitas.","og_url":"https:\/\/www.apucons.com\/bo\/analisis-de-precios-unitarios\/","og_site_name":"Apucons Bolivia","article_modified_time":"2024-07-01T20:34:04+00:00","twitter_card":"summary_large_image","twitter_misc":{"Tiempo de lectura":"1 minuto"},"schema":{"@context":"https:\/\/schema.org","@graph":[{"@type":"WebPage","@id":"https:\/\/www.apucons.com\/bo\/analisis-de-precios-unitarios\/","url":"https:\/\/www.apucons.com\/bo\/analisis-de-precios-unitarios\/","name":"An\u00e1lisis de precios unitarios - Apucons Bolivia","isPartOf":{"@id":"https:\/\/www.apucons.com\/bo\/#website"},"datePublished":"2024-02-26T11:23:54+00:00","dateModified":"2024-07-01T20:34:04+00:00","description":"Explora matrices y an\u00e1lisis de precios unitarios (APU) organizados por categor\u00edas y ubicaciones. Desglose detallado de equipos, mano de obra y materiales. Utiliza la funci\u00f3n de b\u00fasqueda para encontrar r\u00e1pidamente lo que necesitas.","breadcrumb":{"@id":"https:\/\/www.apucons.com\/bo\/analisis-de-precios-unitarios\/#breadcrumb"},"inLanguage":"es","potentialAction":[{"@type":"ReadAction","target":["https:\/\/www.apucons.com\/bo\/analisis-de-precios-unitarios\/"]}]},{"@type":"BreadcrumbList","@id":"https:\/\/www.apucons.com\/bo\/analisis-de-precios-unitarios\/#breadcrumb","itemListElement":[{"@type":"ListItem","position":1,"name":"Portada","item":"https:\/\/www.apucons.com\/bo\/"},{"@type":"ListItem","position":2,"name":"An\u00e1lisis de precios unitarios"}]},{"@type":"WebSite","@id":"https:\/\/www.apucons.com\/bo\/#website","url":"https:\/\/www.apucons.com\/bo\/","name":"Apucons Bolivia","description":"Software Presupuestos de obra para Construcci\u00f3n","potentialAction":[{"@type":"SearchAction","target":{"@type":"EntryPoint","urlTemplate":"https:\/\/www.apucons.com\/bo\/?s={search_term_string}"},"query-input":{"@type":"PropertyValueSpecification","valueRequired":true,"valueName":"search_term_string"}}],"inLanguage":"es"}]}},"_links":{"self":[{"href":"https:\/\/www.apucons.com\/bo\/wp-json\/wp\/v2\/pages\/232","targetHints":{"allow":["GET"]}}],"collection":[{"href":"https:\/\/www.apucons.com\/bo\/wp-json\/wp\/v2\/pages"}],"about":[{"href":"https:\/\/www.apucons.com\/bo\/wp-json\/wp\/v2\/types\/page"}],"author":[{"embeddable":true,"href":"https:\/\/www.apucons.com\/bo\/wp-json\/wp\/v2\/users\/1"}],"replies":[{"embeddable":true,"href":"https:\/\/www.apucons.com\/bo\/wp-json\/wp\/v2\/comments?post=232"}],"version-history":[{"count":11,"href":"https:\/\/www.apucons.com\/bo\/wp-json\/wp\/v2\/pages\/232\/revisions"}],"predecessor-version":[{"id":812,"href":"https:\/\/www.apucons.com\/bo\/wp-json\/wp\/v2\/pages\/232\/revisions\/812"}],"wp:attachment":[{"href":"https:\/\/www.apucons.com\/bo\/wp-json\/wp\/v2\/media?parent=232"}],"curies":[{"name":"wp","href":"https:\/\/api.w.org\/{rel}","templated":true}]}}