{"id":259,"date":"2024-02-26T11:52:34","date_gmt":"2024-02-26T11:52:34","guid":{"rendered":"https:\/\/www.apucons.com\/bo\/?page_id=259"},"modified":"2025-10-13T17:47:23","modified_gmt":"2025-10-13T22:47:23","slug":"suscripciones","status":"publish","type":"page","link":"https:\/\/www.apucons.com\/bo\/suscripciones\/","title":{"rendered":"Suscripciones"},"content":{"rendered":"<p>[et_pb_section fb_built=\u00bb1&#8243; admin_label=\u00bbHeader\u00bb _builder_version=\u00bb4.22.1&#8243; _module_preset=\u00bbdefault\u00bb custom_padding=\u00bb41px||0px||false|false\u00bb locked=\u00bboff\u00bb collapsed=\u00bbon\u00bb global_colors_info=\u00bb{}\u00bb][et_pb_row _builder_version=\u00bb4.24.2&#8243; _module_preset=\u00bbdefault\u00bb global_colors_info=\u00bb{}\u00bb][et_pb_column type=\u00bb4_4&#8243; _builder_version=\u00bb4.24.2&#8243; _module_preset=\u00bbdefault\u00bb global_colors_info=\u00bb{}\u00bb][et_pb_text _builder_version=\u00bb4.24.2&#8243; _module_preset=\u00bbdefault\u00bb header_font=\u00bbRoboto||||||||\u00bb header_text_align=\u00bbcenter\u00bb header_text_color=\u00bb#343434&#8243; global_colors_info=\u00bb{}\u00bb]<\/p>\n<h1>Obt\u00e9n items y presupuestos ilimitados todos los d\u00edas<\/h1>\n<p>[\/et_pb_text][\/et_pb_column][\/et_pb_row][et_pb_row column_structure=\u00bb1_3,1_3,1_3&#8243; make_equal=\u00bbon\u00bb _builder_version=\u00bb4.24.2&#8243; _module_preset=\u00bbdefault\u00bb width=\u00bb83%\u00bb custom_margin=\u00bb0px||||false|false\u00bb custom_padding=\u00bb||||false|false\u00bb global_colors_info=\u00bb{}\u00bb][et_pb_column type=\u00bb1_3&#8243; _builder_version=\u00bb4.24.2&#8243; _module_preset=\u00bbdefault\u00bb background_color=\u00bb#FFFFFF\u00bb custom_padding=\u00bb||||false|true\u00bb border_width_all=\u00bb1px\u00bb border_color_all=\u00bb#A9A9A9&#8243; global_colors_info=\u00bb{}\u00bb][et_pb_text _builder_version=\u00bb4.24.2&#8243; _module_preset=\u00bbdefault\u00bb header_2_text_color=\u00bb#000000&#8243; header_2_font_size=\u00bb2rem\u00bb header_3_text_color=\u00bb#343434&#8243; background_enable_color=\u00bboff\u00bb custom_margin=\u00bb36px||||false|false\u00bb custom_padding=\u00bb||||true|true\u00bb global_colors_info=\u00bb{}\u00bb]<\/p>\n<h3 style=\"text-align: center;\"><strong>7 D\u00cdAS<\/strong><\/h3>\n<h2 style=\"text-align: center;\">GRATIS<\/h2>\n<p style=\"text-align: center;\">Presupuestos por <strong>tiempo ilimitado<\/strong><\/p>\n<p>[\/et_pb_text][et_pb_button button_url=\u00bbhttps:\/\/app.apucons.com\/register\u00bb url_new_window=\u00bbon\u00bb button_text=\u00bbSuscribirse\u00bb button_alignment=\u00bbcenter\u00bb _builder_version=\u00bb4.24.2&#8243; _module_preset=\u00bbdefault\u00bb custom_button=\u00bbon\u00bb button_text_size=\u00bb16px\u00bb button_text_color=\u00bb#343434&#8243; button_bg_color=\u00bb#FAE24D\u00bb button_border_width=\u00bb0px\u00bb custom_margin=\u00bb||15px||false|false\u00bb custom_padding=\u00bb||||false|false\u00bb global_colors_info=\u00bb{}\u00bb][\/et_pb_button][\/et_pb_column][et_pb_column type=\u00bb1_3&#8243; _builder_version=\u00bb4.24.2&#8243; _module_preset=\u00bbdefault\u00bb background_color=\u00bb#FFFFFF\u00bb custom_padding=\u00bb||||true|true\u00bb border_width_all=\u00bb1px\u00bb border_color_all=\u00bb#A9A9A9&#8243; global_colors_info=\u00bb{}\u00bb][et_pb_text _builder_version=\u00bb4.24.2&#8243; _module_preset=\u00bbdefault\u00bb header_2_text_color=\u00bb#000000&#8243; header_2_font_size=\u00bb2rem\u00bb header_3_text_color=\u00bb#343434&#8243; background_enable_color=\u00bboff\u00bb custom_margin=\u00bb||||false|false\u00bb custom_padding=\u00bb36px||1px||false|true\u00bb hover_enabled=\u00bb0&#8243; global_colors_info=\u00bb{}\u00bb sticky_enabled=\u00bb0&#8243;]<\/p>\n<h3 style=\"text-align: center;\"><strong>1 MES<\/strong><\/h3>\n<h2 style=\"text-align: center;\">19 USD<\/h2>\n<p style=\"text-align: center;\"><strong>19 USD <\/strong>cada mes<\/p>\n<p>[\/et_pb_text][et_pb_button button_url=\u00bbhttps:\/\/app.apucons.com\/register\u00bb url_new_window=\u00bbon\u00bb button_text=\u00bbSuscribirse\u00bb button_alignment=\u00bbcenter\u00bb _builder_version=\u00bb4.24.2&#8243; _module_preset=\u00bbdefault\u00bb custom_button=\u00bbon\u00bb button_text_size=\u00bb16px\u00bb button_text_color=\u00bb#343434&#8243; button_bg_color=\u00bb#FAE24D\u00bb button_border_width=\u00bb0px\u00bb custom_margin=\u00bb||15px||false|false\u00bb global_colors_info=\u00bb{}\u00bb][\/et_pb_button][\/et_pb_column][et_pb_column type=\u00bb1_3&#8243; _builder_version=\u00bb4.24.2&#8243; _module_preset=\u00bbdefault\u00bb background_color=\u00bb#FFFFFF\u00bb custom_padding=\u00bb||||false|true\u00bb border_width_all=\u00bb1px\u00bb border_color_all=\u00bb#A9A9A9&#8243; global_colors_info=\u00bb{}\u00bb][et_pb_text _builder_version=\u00bb4.24.2&#8243; _module_preset=\u00bbdefault\u00bb text_text_color=\u00bb#FAE24D\u00bb background_color=\u00bb#343434&#8243; text_orientation=\u00bbcenter\u00bb custom_margin=\u00bb||15px|||\u00bb global_colors_info=\u00bb{}\u00bb]<\/p>\n<p>Mejor opci\u00f3n<\/p>\n<p>[\/et_pb_text][et_pb_text _builder_version=\u00bb4.24.2&#8243; _module_preset=\u00bbdefault\u00bb header_2_text_color=\u00bb#000000&#8243; header_2_font_size=\u00bb2rem\u00bb header_3_text_color=\u00bb#343434&#8243; background_enable_color=\u00bboff\u00bb custom_margin=\u00bb||26px||false|false\u00bb custom_padding=\u00bb||||true|true\u00bb global_colors_info=\u00bb{}\u00bb]<\/p>\n<h3 style=\"text-align: center;\"><strong>12 MESES<\/strong><\/h3>\n<h2 style=\"text-align: center;\">8.25 USD\/mes<\/h2>\n<p style=\"text-align: center;\"><strong>99 USD<\/strong>\u00a0cada <strong>12<\/strong> meses<\/p>\n<p>[\/et_pb_text][et_pb_button button_url=\u00bbhttps:\/\/app.apucons.com\/register\u00bb url_new_window=\u00bbon\u00bb button_text=\u00bbSuscribirse\u00bb button_alignment=\u00bbcenter\u00bb _builder_version=\u00bb4.24.2&#8243; _module_preset=\u00bbdefault\u00bb custom_button=\u00bbon\u00bb button_text_size=\u00bb16px\u00bb button_text_color=\u00bb#343434&#8243; button_bg_color=\u00bb#FAE24D\u00bb button_border_width=\u00bb0px\u00bb custom_margin=\u00bb||15px||false|false\u00bb global_colors_info=\u00bb{}\u00bb][\/et_pb_button][\/et_pb_column][\/et_pb_row][\/et_pb_section][et_pb_section fb_built=\u00bb1&#8243; _builder_version=\u00bb4.24.2&#8243; _module_preset=\u00bbdefault\u00bb custom_padding=\u00bb33px|||||\u00bb global_colors_info=\u00bb{}\u00bb][et_pb_row column_structure=\u00bb1_3,1_3,1_3&#8243; _builder_version=\u00bb4.24.2&#8243; _module_preset=\u00bbdefault\u00bb custom_padding=\u00bb15px|15px|15px|15px|true|true\u00bb border_width_all=\u00bb1px\u00bb border_color_all=\u00bb#A9A9A9&#8243; global_colors_info=\u00bb{}\u00bb][et_pb_column type=\u00bb1_3&#8243; _builder_version=\u00bb4.24.2&#8243; _module_preset=\u00bbdefault\u00bb global_colors_info=\u00bb{}\u00bb][et_pb_text _builder_version=\u00bb4.24.2&#8243; _module_preset=\u00bbdefault\u00bb header_2_text_color=\u00bb#343434&#8243; global_colors_info=\u00bb{}\u00bb]<\/p>\n<h2>Formas de pago<\/h2>\n<p>[\/et_pb_text][\/et_pb_column][et_pb_column type=\u00bb1_3&#8243; _builder_version=\u00bb4.24.2&#8243; _module_preset=\u00bbdefault\u00bb global_colors_info=\u00bb{}\u00bb][et_pb_text _builder_version=\u00bb4.24.2&#8243; _module_preset=\u00bbdefault\u00bb global_colors_info=\u00bb{}\u00bb]<\/p>\n<p><strong><img loading=\"lazy\" decoding=\"async\" src=\"https:\/\/www.apucons.com\/bo\/wp-content\/uploads\/sites\/3\/2024\/02\/western-union-300x68.png\" width=\"242\" height=\"55\" alt=\"\" class=\"wp-image-269 alignnone size-medium\" srcset=\"https:\/\/www.apucons.com\/bo\/wp-content\/uploads\/sites\/3\/2024\/02\/western-union-300x68.png 300w, https:\/\/www.apucons.com\/bo\/wp-content\/uploads\/sites\/3\/2024\/02\/western-union.png 321w\" sizes=\"auto, (max-width: 242px) 100vw, 242px\" \/><\/strong><\/p>\n<p>Miguel Eduardo Salas Guzm\u00e1n<br \/>CI: 0800605511<br \/>Av. Carlos Julio Arosemena Km 2.5 y Las Monjas<br \/>Guayaquil &#8211; Ecuador<\/p>\n<p>[\/et_pb_text][\/et_pb_column][et_pb_column type=\u00bb1_3&#8243; _builder_version=\u00bb4.24.2&#8243; _module_preset=\u00bbdefault\u00bb global_colors_info=\u00bb{}\u00bb][\/et_pb_column][\/et_pb_row][\/et_pb_section]<\/p>\n","protected":false},"excerpt":{"rendered":"<p>Obt\u00e9n items y presupuestos ilimitados todos los d\u00edas7 D\u00cdAS GRATIS Presupuestos por tiempo ilimitado1 MES 19 USD 19 USD cada mesMejor opci\u00f3n12 MESES 8.25 USD\/mes 99 USD\u00a0cada 12 mesesFormas de pago Miguel Eduardo Salas Guzm\u00e1nCI: 0800605511Av. Carlos Julio Arosemena Km 2.5 y Las MonjasGuayaquil &#8211; Ecuador<\/p>\n","protected":false},"author":1,"featured_media":0,"parent":0,"menu_order":0,"comment_status":"closed","ping_status":"closed","template":"","meta":{"_et_pb_use_builder":"on","_et_pb_old_content":"","_et_gb_content_width":"","inline_featured_image":false,"_joinchat":[],"footnotes":""},"class_list":["post-259","page","type-page","status-publish","hentry"],"yoast_head":"<!-- This site is optimized with the Yoast SEO plugin v27.2 - https:\/\/yoast.com\/product\/yoast-seo-wordpress\/ -->\n<title>Suscripciones - Apucons Bolivia<\/title>\n<meta name=\"robots\" content=\"index, follow, max-snippet:-1, max-image-preview:large, max-video-preview:-1\" \/>\n<link rel=\"canonical\" href=\"https:\/\/www.apucons.com\/bo\/suscripciones\/\" \/>\n<meta property=\"og:locale\" content=\"es_ES\" \/>\n<meta property=\"og:type\" content=\"article\" \/>\n<meta property=\"og:title\" content=\"Suscripciones - Apucons Bolivia\" \/>\n<meta property=\"og:description\" content=\"Obt\u00e9n items y presupuestos ilimitados todos los d\u00edas7 D\u00cdAS GRATIS Presupuestos por tiempo ilimitado1 MES 19 USD 19 USD cada mesMejor opci\u00f3n12 MESES 8.25 USD\/mes 99 USD\u00a0cada 12 mesesFormas de pago Miguel Eduardo Salas Guzm\u00e1nCI: 0800605511Av. Carlos Julio Arosemena Km 2.5 y Las MonjasGuayaquil - Ecuador\" \/>\n<meta property=\"og:url\" content=\"https:\/\/www.apucons.com\/bo\/suscripciones\/\" \/>\n<meta property=\"og:site_name\" content=\"Apucons Bolivia\" \/>\n<meta property=\"article:modified_time\" content=\"2025-10-13T22:47:23+00:00\" \/>\n<meta property=\"og:image\" content=\"https:\/\/www.apucons.com\/bo\/wp-content\/uploads\/sites\/3\/2024\/02\/western-union-300x68.png\" \/>\n<meta name=\"twitter:card\" content=\"summary_large_image\" \/>\n<meta name=\"twitter:label1\" content=\"Tiempo de lectura\" \/>\n\t<meta name=\"twitter:data1\" content=\"1 minuto\" \/>\n<script type=\"application\/ld+json\" class=\"yoast-schema-graph\">{\"@context\":\"https:\/\/schema.org\",\"@graph\":[{\"@type\":\"WebPage\",\"@id\":\"https:\/\/www.apucons.com\/bo\/suscripciones\/\",\"url\":\"https:\/\/www.apucons.com\/bo\/suscripciones\/\",\"name\":\"Suscripciones - Apucons Bolivia\",\"isPartOf\":{\"@id\":\"https:\/\/www.apucons.com\/bo\/#website\"},\"primaryImageOfPage\":{\"@id\":\"https:\/\/www.apucons.com\/bo\/suscripciones\/#primaryimage\"},\"image\":{\"@id\":\"https:\/\/www.apucons.com\/bo\/suscripciones\/#primaryimage\"},\"thumbnailUrl\":\"https:\/\/www.apucons.com\/bo\/wp-content\/uploads\/sites\/3\/2024\/02\/western-union-300x68.png\",\"datePublished\":\"2024-02-26T11:52:34+00:00\",\"dateModified\":\"2025-10-13T22:47:23+00:00\",\"breadcrumb\":{\"@id\":\"https:\/\/www.apucons.com\/bo\/suscripciones\/#breadcrumb\"},\"inLanguage\":\"es\",\"potentialAction\":[{\"@type\":\"ReadAction\",\"target\":[\"https:\/\/www.apucons.com\/bo\/suscripciones\/\"]}]},{\"@type\":\"ImageObject\",\"inLanguage\":\"es\",\"@id\":\"https:\/\/www.apucons.com\/bo\/suscripciones\/#primaryimage\",\"url\":\"https:\/\/www.apucons.com\/bo\/wp-content\/uploads\/sites\/3\/2024\/02\/western-union.png\",\"contentUrl\":\"https:\/\/www.apucons.com\/bo\/wp-content\/uploads\/sites\/3\/2024\/02\/western-union.png\",\"width\":321,\"height\":73},{\"@type\":\"BreadcrumbList\",\"@id\":\"https:\/\/www.apucons.com\/bo\/suscripciones\/#breadcrumb\",\"itemListElement\":[{\"@type\":\"ListItem\",\"position\":1,\"name\":\"Portada\",\"item\":\"https:\/\/www.apucons.com\/bo\/\"},{\"@type\":\"ListItem\",\"position\":2,\"name\":\"Suscripciones\"}]},{\"@type\":\"WebSite\",\"@id\":\"https:\/\/www.apucons.com\/bo\/#website\",\"url\":\"https:\/\/www.apucons.com\/bo\/\",\"name\":\"Apucons Bolivia\",\"description\":\"Software Presupuestos de obra para Construcci\u00f3n\",\"potentialAction\":[{\"@type\":\"SearchAction\",\"target\":{\"@type\":\"EntryPoint\",\"urlTemplate\":\"https:\/\/www.apucons.com\/bo\/?s={search_term_string}\"},\"query-input\":{\"@type\":\"PropertyValueSpecification\",\"valueRequired\":true,\"valueName\":\"search_term_string\"}}],\"inLanguage\":\"es\"}]}<\/script>\n<!-- \/ Yoast SEO plugin. -->","yoast_head_json":{"title":"Suscripciones - Apucons Bolivia","robots":{"index":"index","follow":"follow","max-snippet":"max-snippet:-1","max-image-preview":"max-image-preview:large","max-video-preview":"max-video-preview:-1"},"canonical":"https:\/\/www.apucons.com\/bo\/suscripciones\/","og_locale":"es_ES","og_type":"article","og_title":"Suscripciones - Apucons Bolivia","og_description":"Obt\u00e9n items y presupuestos ilimitados todos los d\u00edas7 D\u00cdAS GRATIS Presupuestos por tiempo ilimitado1 MES 19 USD 19 USD cada mesMejor opci\u00f3n12 MESES 8.25 USD\/mes 99 USD\u00a0cada 12 mesesFormas de pago Miguel Eduardo Salas Guzm\u00e1nCI: 0800605511Av. Carlos Julio Arosemena Km 2.5 y Las MonjasGuayaquil - Ecuador","og_url":"https:\/\/www.apucons.com\/bo\/suscripciones\/","og_site_name":"Apucons Bolivia","article_modified_time":"2025-10-13T22:47:23+00:00","og_image":[{"url":"https:\/\/www.apucons.com\/bo\/wp-content\/uploads\/sites\/3\/2024\/02\/western-union-300x68.png","type":"","width":"","height":""}],"twitter_card":"summary_large_image","twitter_misc":{"Tiempo de lectura":"1 minuto"},"schema":{"@context":"https:\/\/schema.org","@graph":[{"@type":"WebPage","@id":"https:\/\/www.apucons.com\/bo\/suscripciones\/","url":"https:\/\/www.apucons.com\/bo\/suscripciones\/","name":"Suscripciones - Apucons Bolivia","isPartOf":{"@id":"https:\/\/www.apucons.com\/bo\/#website"},"primaryImageOfPage":{"@id":"https:\/\/www.apucons.com\/bo\/suscripciones\/#primaryimage"},"image":{"@id":"https:\/\/www.apucons.com\/bo\/suscripciones\/#primaryimage"},"thumbnailUrl":"https:\/\/www.apucons.com\/bo\/wp-content\/uploads\/sites\/3\/2024\/02\/western-union-300x68.png","datePublished":"2024-02-26T11:52:34+00:00","dateModified":"2025-10-13T22:47:23+00:00","breadcrumb":{"@id":"https:\/\/www.apucons.com\/bo\/suscripciones\/#breadcrumb"},"inLanguage":"es","potentialAction":[{"@type":"ReadAction","target":["https:\/\/www.apucons.com\/bo\/suscripciones\/"]}]},{"@type":"ImageObject","inLanguage":"es","@id":"https:\/\/www.apucons.com\/bo\/suscripciones\/#primaryimage","url":"https:\/\/www.apucons.com\/bo\/wp-content\/uploads\/sites\/3\/2024\/02\/western-union.png","contentUrl":"https:\/\/www.apucons.com\/bo\/wp-content\/uploads\/sites\/3\/2024\/02\/western-union.png","width":321,"height":73},{"@type":"BreadcrumbList","@id":"https:\/\/www.apucons.com\/bo\/suscripciones\/#breadcrumb","itemListElement":[{"@type":"ListItem","position":1,"name":"Portada","item":"https:\/\/www.apucons.com\/bo\/"},{"@type":"ListItem","position":2,"name":"Suscripciones"}]},{"@type":"WebSite","@id":"https:\/\/www.apucons.com\/bo\/#website","url":"https:\/\/www.apucons.com\/bo\/","name":"Apucons Bolivia","description":"Software Presupuestos de obra para Construcci\u00f3n","potentialAction":[{"@type":"SearchAction","target":{"@type":"EntryPoint","urlTemplate":"https:\/\/www.apucons.com\/bo\/?s={search_term_string}"},"query-input":{"@type":"PropertyValueSpecification","valueRequired":true,"valueName":"search_term_string"}}],"inLanguage":"es"}]}},"_links":{"self":[{"href":"https:\/\/www.apucons.com\/bo\/wp-json\/wp\/v2\/pages\/259","targetHints":{"allow":["GET"]}}],"collection":[{"href":"https:\/\/www.apucons.com\/bo\/wp-json\/wp\/v2\/pages"}],"about":[{"href":"https:\/\/www.apucons.com\/bo\/wp-json\/wp\/v2\/types\/page"}],"author":[{"embeddable":true,"href":"https:\/\/www.apucons.com\/bo\/wp-json\/wp\/v2\/users\/1"}],"replies":[{"embeddable":true,"href":"https:\/\/www.apucons.com\/bo\/wp-json\/wp\/v2\/comments?post=259"}],"version-history":[{"count":21,"href":"https:\/\/www.apucons.com\/bo\/wp-json\/wp\/v2\/pages\/259\/revisions"}],"predecessor-version":[{"id":867,"href":"https:\/\/www.apucons.com\/bo\/wp-json\/wp\/v2\/pages\/259\/revisions\/867"}],"wp:attachment":[{"href":"https:\/\/www.apucons.com\/bo\/wp-json\/wp\/v2\/media?parent=259"}],"curies":[{"name":"wp","href":"https:\/\/api.w.org\/{rel}","templated":true}]}}