{"id":540,"date":"2024-03-06T23:27:40","date_gmt":"2024-03-07T04:27:40","guid":{"rendered":"https:\/\/www.apucons.com\/bo\/?page_id=540"},"modified":"2024-04-29T05:59:30","modified_gmt":"2024-04-29T10:59:30","slug":"se-un-representante-de-apucons","status":"publish","type":"page","link":"https:\/\/www.apucons.com\/bo\/se-un-representante-de-apucons\/","title":{"rendered":"Se un distribuidor de Apucons"},"content":{"rendered":"\n[et_pb_section fb_built=\u00bb1&#8243; _builder_version=\u00bb4.24.2&#8243; _module_preset=\u00bbdefault\u00bb custom_padding=\u00bb40px|||||\u00bb global_colors_info=\u00bb{}\u00bb][et_pb_row _builder_version=\u00bb4.24.2&#8243; _module_preset=\u00bbdefault\u00bb global_colors_info=\u00bb{}\u00bb][et_pb_column type=\u00bb4_4&#8243; _builder_version=\u00bb4.24.2&#8243; _module_preset=\u00bbdefault\u00bb global_colors_info=\u00bb{}\u00bb][et_pb_text _builder_version=\u00bb4.24.2&#8243; _module_preset=\u00bbdefault\u00bb header_font_size=\u00bb41px\u00bb global_colors_info=\u00bb{}\u00bb]<h1>S\u00e9 un <strong>Representante<\/strong><\/h1>[\/et_pb_text][et_pb_text _builder_version=\u00bb4.24.2&#8243; _module_preset=\u00bbdefault\u00bb global_colors_info=\u00bb{}\u00bb]<p style=\"text-align: justify;\"><strong>\u00danete a nuestro programa<\/strong>\u00a0y s\u00e9 parte de una comunidad apasionada que est\u00e1 transformando la construcci\u00f3n. \u00a1No pierdas la\u00a0<strong>oportunidad<\/strong>\u00a0de ser tu\u00a0<strong>propio jefe<\/strong>, controlar tu \u00e9xito y contribuir al avance de la\u00a0<strong>industria<\/strong>\u00a0de la construcci\u00f3n!<\/p>[\/et_pb_text][\/et_pb_column][\/et_pb_row][et_pb_row column_structure=\u00bb1_2,1_2&#8243; _builder_version=\u00bb4.24.2&#8243; _module_preset=\u00bbdefault\u00bb global_colors_info=\u00bb{}\u00bb][et_pb_column type=\u00bb1_2&#8243; _builder_version=\u00bb4.24.2&#8243; _module_preset=\u00bbdefault\u00bb global_colors_info=\u00bb{}\u00bb][et_pb_text _builder_version=\u00bb4.24.2&#8243; _module_preset=\u00bbdefault\u00bb global_colors_info=\u00bb{}\u00bb]<h3 style=\"text-align: justify;\">Beneficios Exclusivos\u00a0<\/h3>\n<p style=\"text-align: justify;\"><strong><\/strong><\/p>\n<h5 style=\"text-align: justify;\"><strong>Representaci\u00f3n Regional<\/strong><\/h5>\n<ul style=\"text-align: justify;\">\n<li>\u00danete a un programa dise\u00f1ado para impulsar tu \u00e9xito.<\/li>\n<li>Incorporaci\u00f3n con tarifa \u00fanica: $399 USD.<\/li>\n<li>Garant\u00eda de Reembolso: Recupera el 100% a trav\u00e9s de comisiones generadas.<\/li>\n<\/ul>\n<h5 style=\"text-align: justify;\"><strong>Comisiones Atractivas<\/strong><\/h5>\n<ul style=\"text-align: justify;\">\n<li>Gana hasta un 30% en comisiones por ventas.<\/li>\n<li>Comisiones por Venta de planes de Suscripciones.<\/li>\n<li>Comisiones por Venta de planes de Publicidad en la web.<\/li>\n<\/ul>\n<h5 style=\"text-align: justify;\"><strong>Licencia Gratuita Extendida<\/strong><\/h5>\n<ul style=\"text-align: justify;\">\n<li>Recibe una licencia gratuita del software Apucons por un a\u00f1o.<\/li>\n<li>Oportunidades de escalamiento y crecimiento empresarial.<\/li>\n<li>Capacitaci\u00f3n personalizada a ti e integrantes de tu equipo.<\/li>\n<li>Asesoramiento continuo caso a caso.<\/li>\n<li>Participaci\u00f3n en seminarios internaciones.<\/li>\n<\/ul>\n<h5 style=\"text-align: justify;\"><strong>Sin Ataduras, Solo Oportunidades<\/strong><\/h5>\n<ul style=\"text-align: justify;\">\n<li>Sin relaci\u00f3n de empleo ni mandato.<\/li>\n<li>Desarrollo continuo con capacitaci\u00f3n y soporte.<\/li>\n<\/ul>\n<h5 style=\"text-align: justify;\"><strong>Crecimiento sin Barreras<\/strong><\/h5>\n<ul style=\"text-align: justify;\">\n<li>Comisiones pagadas mensualmente a trav\u00e9s de Trasferencia bancaria, los primeros 5 d\u00edas de cada mes.<\/li>\n<li>Acceso directo a nuestro departamento de soporte.<\/li>\n<\/ul>\n<h5 style=\"text-align: justify;\"><strong>Duraci\u00f3n Flexible y Escalamiento Empresarial<\/strong><\/h5>\n<ul>\n<li style=\"text-align: justify;\">Contrato indefinido o hasta que decidas dar por terminada la relaci\u00f3n.<\/li>\n<li style=\"text-align: justify;\">Explora oportunidades para establecer tu propia empresa bajo la marca Apucons.<\/li>\n<\/ul>[\/et_pb_text][\/et_pb_column][et_pb_column type=\u00bb1_2&#8243; _builder_version=\u00bb4.24.2&#8243; _module_preset=\u00bbdefault\u00bb global_colors_info=\u00bb{}\u00bb][et_pb_image src=\u00bbhttps:\/\/www.apucons.com\/bo\/wp-content\/uploads\/sites\/3\/2024\/03\/ingeniera.png\u00bb alt=\u00bbingeniera con casco amarillo de apucons\u00bb title_text=\u00bbingeniera\u00bb _builder_version=\u00bb4.24.2&#8243; _module_preset=\u00bbdefault\u00bb global_colors_info=\u00bb{}\u00bb][\/et_pb_image][et_pb_image src=\u00bbhttps:\/\/www.apucons.com\/bo\/wp-content\/uploads\/sites\/3\/2024\/03\/mapa.png\u00bb title_text=\u00bbmapa\u00bb _builder_version=\u00bb4.24.2&#8243; _module_preset=\u00bbdefault\u00bb global_colors_info=\u00bb{}\u00bb][\/et_pb_image][\/et_pb_column][\/et_pb_row][et_pb_row _builder_version=\u00bb4.24.2&#8243; _module_preset=\u00bbdefault\u00bb global_colors_info=\u00bb{}\u00bb][et_pb_column type=\u00bb4_4&#8243; _builder_version=\u00bb4.24.2&#8243; _module_preset=\u00bbdefault\u00bb global_colors_info=\u00bb{}\u00bb][et_pb_text _builder_version=\u00bb4.24.2&#8243; _module_preset=\u00bbdefault\u00bb global_colors_info=\u00bb{}\u00bb]<h5><strong>Cont\u00e1ctanos<\/strong>\u00a0hoy mismo para una demostraci\u00f3n personalizada y da el primer paso hacia tu\u00a0<strong>\u00e9xito con Apucons.<\/strong><\/h5>[\/et_pb_text][et_pb_contact_form email=\u00bbgerencia@apucons.com\u00bb custom_message=\u00bbSe un representante de Apucons:||et_pb_line_break_holder||Nombres y apellidos: %%name%%||et_pb_line_break_holder||Email: %%email%%||et_pb_line_break_holder||Tel\u00e9fono: %%telefono%%||et_pb_line_break_holder||Pa\u00eds Provincia: %%paisprovincia%%||et_pb_line_break_holder||Mensaje: %%message%%\u00bb success_message=\u00bbHemos recibido su informaci\u00f3n, pronto nos contacta contactaremos con usted\u00bb submit_button_text=\u00bbEnviar\u00bb _builder_version=\u00bb4.24.2&#8243; _module_preset=\u00bbdefault\u00bb _unique_id=\u00bb2b8a99e6-dbcb-4e4b-99cc-c4267ed3a2e4&#8243; custom_button=\u00bbon\u00bb button_text_color=\u00bb#343434&#8243; button_bg_color=\u00bb#FAE24D\u00bb button_border_width=\u00bb0px\u00bb button_icon=\u00bb&#xf0e0;||fa||900&#8243; hover_enabled=\u00bb0&#8243; global_colors_info=\u00bb{}\u00bb sticky_enabled=\u00bb0&#8243;][et_pb_contact_field field_id=\u00bbname\u00bb field_title=\u00bbNombre y Apellido\u00bb _builder_version=\u00bb4.24.2&#8243; global_colors_info=\u00bb{}\u00bb button_text_size__hover_enabled=\u00bboff\u00bb button_one_text_size__hover_enabled=\u00bboff\u00bb button_two_text_size__hover_enabled=\u00bboff\u00bb button_text_color__hover_enabled=\u00bboff\u00bb button_one_text_color__hover_enabled=\u00bboff\u00bb button_two_text_color__hover_enabled=\u00bboff\u00bb button_border_width__hover_enabled=\u00bboff\u00bb button_one_border_width__hover_enabled=\u00bboff\u00bb button_two_border_width__hover_enabled=\u00bboff\u00bb button_border_color__hover_enabled=\u00bboff\u00bb button_one_border_color__hover_enabled=\u00bboff\u00bb button_two_border_color__hover_enabled=\u00bboff\u00bb button_border_radius__hover_enabled=\u00bboff\u00bb button_one_border_radius__hover_enabled=\u00bboff\u00bb button_two_border_radius__hover_enabled=\u00bboff\u00bb button_letter_spacing__hover_enabled=\u00bboff\u00bb button_one_letter_spacing__hover_enabled=\u00bboff\u00bb button_two_letter_spacing__hover_enabled=\u00bboff\u00bb button_bg_color__hover_enabled=\u00bboff\u00bb button_one_bg_color__hover_enabled=\u00bboff\u00bb button_two_bg_color__hover_enabled=\u00bboff\u00bb][\/et_pb_contact_field][et_pb_contact_field field_id=\u00bbemail\u00bb field_title=\u00bbEmail Address\u00bb field_type=\u00bbemail\u00bb _builder_version=\u00bb4.24.2&#8243; global_colors_info=\u00bb{}\u00bb button_text_size__hover_enabled=\u00bboff\u00bb button_one_text_size__hover_enabled=\u00bboff\u00bb button_two_text_size__hover_enabled=\u00bboff\u00bb button_text_color__hover_enabled=\u00bboff\u00bb button_one_text_color__hover_enabled=\u00bboff\u00bb button_two_text_color__hover_enabled=\u00bboff\u00bb button_border_width__hover_enabled=\u00bboff\u00bb button_one_border_width__hover_enabled=\u00bboff\u00bb button_two_border_width__hover_enabled=\u00bboff\u00bb button_border_color__hover_enabled=\u00bboff\u00bb button_one_border_color__hover_enabled=\u00bboff\u00bb button_two_border_color__hover_enabled=\u00bboff\u00bb button_border_radius__hover_enabled=\u00bboff\u00bb button_one_border_radius__hover_enabled=\u00bboff\u00bb button_two_border_radius__hover_enabled=\u00bboff\u00bb button_letter_spacing__hover_enabled=\u00bboff\u00bb button_one_letter_spacing__hover_enabled=\u00bboff\u00bb button_two_letter_spacing__hover_enabled=\u00bboff\u00bb button_bg_color__hover_enabled=\u00bboff\u00bb button_one_bg_color__hover_enabled=\u00bboff\u00bb button_two_bg_color__hover_enabled=\u00bboff\u00bb][\/et_pb_contact_field][et_pb_contact_field field_id=\u00bbtelefono\u00bb field_title=\u00bbTel\u00e9fono\u00bb _builder_version=\u00bb4.24.2&#8243; _module_preset=\u00bbdefault\u00bb global_colors_info=\u00bb{}\u00bb][\/et_pb_contact_field][et_pb_contact_field field_id=\u00bbpaisprovincia\u00bb field_title=\u00bbPa\u00eds y provincia que quiere representar\u00bb _builder_version=\u00bb4.24.2&#8243; _module_preset=\u00bbdefault\u00bb global_colors_info=\u00bb{}\u00bb][\/et_pb_contact_field][et_pb_contact_field field_id=\u00bbmessage\u00bb field_title=\u00bbCu\u00e9ntanos por qu\u00e9 deseas unirte al Programa de Representantes\u00bb field_type=\u00bbtext\u00bb fullwidth_field=\u00bbon\u00bb _builder_version=\u00bb4.24.2&#8243; global_colors_info=\u00bb{}\u00bb button_text_size__hover_enabled=\u00bboff\u00bb button_one_text_size__hover_enabled=\u00bboff\u00bb button_two_text_size__hover_enabled=\u00bboff\u00bb button_text_color__hover_enabled=\u00bboff\u00bb button_one_text_color__hover_enabled=\u00bboff\u00bb button_two_text_color__hover_enabled=\u00bboff\u00bb button_border_width__hover_enabled=\u00bboff\u00bb button_one_border_width__hover_enabled=\u00bboff\u00bb button_two_border_width__hover_enabled=\u00bboff\u00bb button_border_color__hover_enabled=\u00bboff\u00bb button_one_border_color__hover_enabled=\u00bboff\u00bb button_two_border_color__hover_enabled=\u00bboff\u00bb button_border_radius__hover_enabled=\u00bboff\u00bb button_one_border_radius__hover_enabled=\u00bboff\u00bb button_two_border_radius__hover_enabled=\u00bboff\u00bb button_letter_spacing__hover_enabled=\u00bboff\u00bb button_one_letter_spacing__hover_enabled=\u00bboff\u00bb button_two_letter_spacing__hover_enabled=\u00bboff\u00bb button_bg_color__hover_enabled=\u00bboff\u00bb button_one_bg_color__hover_enabled=\u00bboff\u00bb button_two_bg_color__hover_enabled=\u00bboff\u00bb][\/et_pb_contact_field][\/et_pb_contact_form][\/et_pb_column][\/et_pb_row][\/et_pb_section]\n","protected":false},"excerpt":{"rendered":"<p>S\u00e9 un Representante\u00danete a nuestro programa\u00a0y s\u00e9 parte de una comunidad apasionada que est\u00e1 transformando la construcci\u00f3n. \u00a1No pierdas la\u00a0oportunidad\u00a0de ser tu\u00a0propio jefe, controlar tu \u00e9xito y contribuir al avance de la\u00a0industria\u00a0de la construcci\u00f3n!Beneficios Exclusivos\u00a0 Representaci\u00f3n Regional \u00danete a un programa dise\u00f1ado para impulsar tu \u00e9xito. Incorporaci\u00f3n con tarifa \u00fanica: $399 USD. Garant\u00eda de Reembolso: [&hellip;]<\/p>\n","protected":false},"author":1,"featured_media":0,"parent":0,"menu_order":0,"comment_status":"closed","ping_status":"closed","template":"","meta":{"_et_pb_use_builder":"on","_et_pb_old_content":"","_et_gb_content_width":"","inline_featured_image":false,"_joinchat":[],"footnotes":""},"class_list":["post-540","page","type-page","status-publish","hentry"],"yoast_head":"<!-- This site is optimized with the Yoast SEO plugin v27.2 - https:\/\/yoast.com\/product\/yoast-seo-wordpress\/ -->\n<title>Se un distribuidor de Apucons - Apucons Bolivia<\/title>\n<meta name=\"robots\" content=\"index, follow, max-snippet:-1, max-image-preview:large, max-video-preview:-1\" \/>\n<link rel=\"canonical\" href=\"https:\/\/www.apucons.com\/bo\/se-un-representante-de-apucons\/\" \/>\n<meta property=\"og:locale\" content=\"es_ES\" \/>\n<meta property=\"og:type\" content=\"article\" \/>\n<meta property=\"og:title\" content=\"Se un distribuidor de Apucons - Apucons Bolivia\" \/>\n<meta property=\"og:description\" content=\"S\u00e9 un Representante\u00danete a nuestro programa\u00a0y s\u00e9 parte de una comunidad apasionada que est\u00e1 transformando la construcci\u00f3n. \u00a1No pierdas la\u00a0oportunidad\u00a0de ser tu\u00a0propio jefe, controlar tu \u00e9xito y contribuir al avance de la\u00a0industria\u00a0de la construcci\u00f3n!Beneficios Exclusivos\u00a0 Representaci\u00f3n Regional \u00danete a un programa dise\u00f1ado para impulsar tu \u00e9xito. Incorporaci\u00f3n con tarifa \u00fanica: $399 USD. Garant\u00eda de Reembolso: [&hellip;]\" \/>\n<meta property=\"og:url\" content=\"https:\/\/www.apucons.com\/bo\/se-un-representante-de-apucons\/\" \/>\n<meta property=\"og:site_name\" content=\"Apucons Bolivia\" \/>\n<meta property=\"article:modified_time\" content=\"2024-04-29T10:59:30+00:00\" \/>\n<meta name=\"twitter:card\" content=\"summary_large_image\" \/>\n<meta name=\"twitter:label1\" content=\"Tiempo de lectura\" \/>\n\t<meta name=\"twitter:data1\" content=\"2 minutos\" \/>\n<script type=\"application\/ld+json\" class=\"yoast-schema-graph\">{\"@context\":\"https:\/\/schema.org\",\"@graph\":[{\"@type\":\"WebPage\",\"@id\":\"https:\/\/www.apucons.com\/bo\/se-un-representante-de-apucons\/\",\"url\":\"https:\/\/www.apucons.com\/bo\/se-un-representante-de-apucons\/\",\"name\":\"Se un distribuidor de Apucons - Apucons Bolivia\",\"isPartOf\":{\"@id\":\"https:\/\/www.apucons.com\/bo\/#website\"},\"datePublished\":\"2024-03-07T04:27:40+00:00\",\"dateModified\":\"2024-04-29T10:59:30+00:00\",\"breadcrumb\":{\"@id\":\"https:\/\/www.apucons.com\/bo\/se-un-representante-de-apucons\/#breadcrumb\"},\"inLanguage\":\"es\",\"potentialAction\":[{\"@type\":\"ReadAction\",\"target\":[\"https:\/\/www.apucons.com\/bo\/se-un-representante-de-apucons\/\"]}]},{\"@type\":\"BreadcrumbList\",\"@id\":\"https:\/\/www.apucons.com\/bo\/se-un-representante-de-apucons\/#breadcrumb\",\"itemListElement\":[{\"@type\":\"ListItem\",\"position\":1,\"name\":\"Portada\",\"item\":\"https:\/\/www.apucons.com\/bo\/\"},{\"@type\":\"ListItem\",\"position\":2,\"name\":\"Se un distribuidor de Apucons\"}]},{\"@type\":\"WebSite\",\"@id\":\"https:\/\/www.apucons.com\/bo\/#website\",\"url\":\"https:\/\/www.apucons.com\/bo\/\",\"name\":\"Apucons Bolivia\",\"description\":\"Software Presupuestos de obra para Construcci\u00f3n\",\"potentialAction\":[{\"@type\":\"SearchAction\",\"target\":{\"@type\":\"EntryPoint\",\"urlTemplate\":\"https:\/\/www.apucons.com\/bo\/?s={search_term_string}\"},\"query-input\":{\"@type\":\"PropertyValueSpecification\",\"valueRequired\":true,\"valueName\":\"search_term_string\"}}],\"inLanguage\":\"es\"}]}<\/script>\n<!-- \/ Yoast SEO plugin. -->","yoast_head_json":{"title":"Se un distribuidor de Apucons - Apucons Bolivia","robots":{"index":"index","follow":"follow","max-snippet":"max-snippet:-1","max-image-preview":"max-image-preview:large","max-video-preview":"max-video-preview:-1"},"canonical":"https:\/\/www.apucons.com\/bo\/se-un-representante-de-apucons\/","og_locale":"es_ES","og_type":"article","og_title":"Se un distribuidor de Apucons - Apucons Bolivia","og_description":"S\u00e9 un Representante\u00danete a nuestro programa\u00a0y s\u00e9 parte de una comunidad apasionada que est\u00e1 transformando la construcci\u00f3n. \u00a1No pierdas la\u00a0oportunidad\u00a0de ser tu\u00a0propio jefe, controlar tu \u00e9xito y contribuir al avance de la\u00a0industria\u00a0de la construcci\u00f3n!Beneficios Exclusivos\u00a0 Representaci\u00f3n Regional \u00danete a un programa dise\u00f1ado para impulsar tu \u00e9xito. Incorporaci\u00f3n con tarifa \u00fanica: $399 USD. Garant\u00eda de Reembolso: [&hellip;]","og_url":"https:\/\/www.apucons.com\/bo\/se-un-representante-de-apucons\/","og_site_name":"Apucons Bolivia","article_modified_time":"2024-04-29T10:59:30+00:00","twitter_card":"summary_large_image","twitter_misc":{"Tiempo de lectura":"2 minutos"},"schema":{"@context":"https:\/\/schema.org","@graph":[{"@type":"WebPage","@id":"https:\/\/www.apucons.com\/bo\/se-un-representante-de-apucons\/","url":"https:\/\/www.apucons.com\/bo\/se-un-representante-de-apucons\/","name":"Se un distribuidor de Apucons - Apucons Bolivia","isPartOf":{"@id":"https:\/\/www.apucons.com\/bo\/#website"},"datePublished":"2024-03-07T04:27:40+00:00","dateModified":"2024-04-29T10:59:30+00:00","breadcrumb":{"@id":"https:\/\/www.apucons.com\/bo\/se-un-representante-de-apucons\/#breadcrumb"},"inLanguage":"es","potentialAction":[{"@type":"ReadAction","target":["https:\/\/www.apucons.com\/bo\/se-un-representante-de-apucons\/"]}]},{"@type":"BreadcrumbList","@id":"https:\/\/www.apucons.com\/bo\/se-un-representante-de-apucons\/#breadcrumb","itemListElement":[{"@type":"ListItem","position":1,"name":"Portada","item":"https:\/\/www.apucons.com\/bo\/"},{"@type":"ListItem","position":2,"name":"Se un distribuidor de Apucons"}]},{"@type":"WebSite","@id":"https:\/\/www.apucons.com\/bo\/#website","url":"https:\/\/www.apucons.com\/bo\/","name":"Apucons Bolivia","description":"Software Presupuestos de obra para Construcci\u00f3n","potentialAction":[{"@type":"SearchAction","target":{"@type":"EntryPoint","urlTemplate":"https:\/\/www.apucons.com\/bo\/?s={search_term_string}"},"query-input":{"@type":"PropertyValueSpecification","valueRequired":true,"valueName":"search_term_string"}}],"inLanguage":"es"}]}},"_links":{"self":[{"href":"https:\/\/www.apucons.com\/bo\/wp-json\/wp\/v2\/pages\/540","targetHints":{"allow":["GET"]}}],"collection":[{"href":"https:\/\/www.apucons.com\/bo\/wp-json\/wp\/v2\/pages"}],"about":[{"href":"https:\/\/www.apucons.com\/bo\/wp-json\/wp\/v2\/types\/page"}],"author":[{"embeddable":true,"href":"https:\/\/www.apucons.com\/bo\/wp-json\/wp\/v2\/users\/1"}],"replies":[{"embeddable":true,"href":"https:\/\/www.apucons.com\/bo\/wp-json\/wp\/v2\/comments?post=540"}],"version-history":[{"count":12,"href":"https:\/\/www.apucons.com\/bo\/wp-json\/wp\/v2\/pages\/540\/revisions"}],"predecessor-version":[{"id":656,"href":"https:\/\/www.apucons.com\/bo\/wp-json\/wp\/v2\/pages\/540\/revisions\/656"}],"wp:attachment":[{"href":"https:\/\/www.apucons.com\/bo\/wp-json\/wp\/v2\/media?parent=540"}],"curies":[{"name":"wp","href":"https:\/\/api.w.org\/{rel}","templated":true}]}}