{"id":104,"date":"2024-02-23T15:30:04","date_gmt":"2024-02-23T15:30:04","guid":{"rendered":"https:\/\/www.apucons.com\/mx\/?page_id=104"},"modified":"2024-06-18T16:43:23","modified_gmt":"2024-06-18T21:43:23","slug":"preguntas-frecuentes","status":"publish","type":"page","link":"https:\/\/www.apucons.com\/mx\/preguntas-frecuentes\/","title":{"rendered":"Preguntas frecuentes"},"content":{"rendered":"<p>[et_pb_section fb_built=\u00bb1&#8243; _builder_version=\u00bb4.24.2&#8243; _module_preset=\u00bbdefault\u00bb custom_padding=\u00bb45px|||||\u00bb global_colors_info=\u00bb{}\u00bb][et_pb_row _builder_version=\u00bb4.24.2&#8243; _module_preset=\u00bbdefault\u00bb global_colors_info=\u00bb{}\u00bb][et_pb_column type=\u00bb4_4&#8243; _builder_version=\u00bb4.24.2&#8243; _module_preset=\u00bbdefault\u00bb global_colors_info=\u00bb{}\u00bb][et_pb_text _builder_version=\u00bb4.24.2&#8243; _module_preset=\u00bbdefault\u00bb global_colors_info=\u00bb{}\u00bb]<\/p>\n<h1 style=\"text-align: center;\"><strong>PREGUNTAS<\/strong><\/h1>\n<p style=\"text-align: justify;\"><strong><\/strong><\/p>\n<p style=\"text-align: justify;\"><strong><\/strong><\/p>\n<p style=\"text-align: justify;\"><strong><br \/>\u00bfQu\u00e9 es Apucons.com?<\/strong><\/p>\n<p><a href=\"https:\/\/www.apucons.com\/mx\">Apucons.com<\/a>\u00a0es una aplicaci\u00f3n web, \u00fatil para elaborar y programar presupuestos de obra en l\u00ednea a trav\u00e9s de un navegador web, es r\u00e1pido y sencillo, no es necesario instalar programa alguno en tu PC o mantener bases de datos, s\u00f3lo es necesario registrarse e iniciar sesi\u00f3n.<\/p>\n<p style=\"text-align: justify;\"><strong>\u00bfQu\u00e9 ventajas obtengo al utilizar <a href=\"https:\/\/www.apucons.com\/mx\">Apucons.com<\/a>?<\/strong><\/p>\n<ul style=\"text-align: justify;\">\n<li>Crea, consulta o edita tus presupuestos desde cualquier dispositivo conectado a internet: PC, IPad, Tablet o smartphone.<\/li>\n<li>Tus presupuestos registrados los puedes clonar y actualizarlos, sin complicarte con importaciones de bases de datos.<\/li>\n<li>Base de datos de Insumos con m\u00e1s de 4.000 \u00edtems de Equipos, Mano de obra y Materiales.<\/li>\n<li>Base de datos de An\u00e1lisis de precios unitarios con m\u00e1s de 2.000 rubros.<\/li>\n<li>Disfrutar\u00e1s de todas las actualizaciones y mejoras del sistema sin costo adicional.<\/li>\n<\/ul>\n<p style=\"text-align: justify;\"><strong>\u00bfA qui\u00e9n est\u00e1 dirigido <a href=\"https:\/\/www.apucons.com\/mx\">Apucons.com<\/a>?<\/strong><br \/><a href=\"https:\/\/www.apucons.com\/mx\">Apucons.com<\/a> est\u00e1 dirigido a todo profesional, t\u00e9cnico o estudiante relacionado al mundo de la construcci\u00f3n, que necesite conocer con precisi\u00f3n el costo de una obra.<\/p>\n<p>Apucons.com es \u00fatil para desarrollar el presupuesto de obras de cualquier naturaleza como, por ejemplo: edificaci\u00f3n, irrigaci\u00f3n, electrificaci\u00f3n, puentes, pavimentaci\u00f3n, etc.<\/p>\n<p style=\"text-align: justify;\"><strong>\u00bf<a href=\"https:\/\/www.apucons.com\/mx\">Apucons.com<\/a> tiene un per\u00edodo de prueba?<\/strong><\/p>\n<p>Si, al registrarse otorgamos 7 d\u00edas para que utilices el sistema sin restricciones, luego de este per\u00edodo deber\u00e1s adquirir una suscripci\u00f3n. Me decid\u00ed y quiero comprar una suscripci\u00f3n de Apucons.com.<\/p>\n<p style=\"text-align: justify;\"><strong>\u00bfC\u00f3mo se paga?<\/strong><\/p>\n<p>Es posible adquirir una suscripci\u00f3n con los diversos medios de pago publicado en la <a href=\"https:\/\/www.apucons.com\/mx\/suscripciones\/\" target=\"_blank\" rel=\"noopener\">p\u00e1gina de suscripciones<\/a>.<\/p>\n<p style=\"text-align: justify;\"><strong>Pagu\u00e9 una suscripci\u00f3n, \u00bfrecibir\u00e9 un comprobante por la compra?<\/strong><\/p>\n<p>Si, luego de verificado el pago, en un plazo no mayor de 24 horas emitiremos su comprobante de pago electr\u00f3nico el cual ser\u00e1 enviado a la direcci\u00f3n email del usuario.<\/p>\n<p style=\"text-align: justify;\"><strong>Venci\u00f3 mi suscripci\u00f3n \u00bfQu\u00e9 pasar\u00e1 con mis presupuestos, ser\u00e1n eliminados?<\/strong><\/p>\n<p>No te preocupes, guardaremos tus presupuestos por tiempo ilimitado, hasta que decidas volver a activar tu suscripci\u00f3n.<\/p>\n<p style=\"text-align: justify;\"><strong>A\u00fan tengo preguntas<\/strong><br \/>Por favor escr\u00edbenos al correo <a href=\"mailto:apucons.ecuador@gmail.com\">gerencia@apucons.com<\/a> con mucho gusto te responderemos.<br \/>Con <a href=\"https:\/\/www.apucons.com\/mx\">APUCONS<\/a>, podr\u00e1s generar reportes profesionales de tus presupuestos de obra, incluyendo an\u00e1lisis de precios unitarios, precios unitarios elementales, materiales, mano de obra y equipos. Adem\u00e1s, podr\u00e1s imprimirlos, guardarlos y compartirlos f\u00e1cilmente.<\/p>\n<p>[\/et_pb_text][\/et_pb_column][\/et_pb_row][\/et_pb_section]<\/p>\n","protected":false},"excerpt":{"rendered":"<p>PREGUNTAS \u00bfQu\u00e9 es Apucons.com? Apucons.com\u00a0es una aplicaci\u00f3n web, \u00fatil para elaborar y programar presupuestos de obra en l\u00ednea a trav\u00e9s de un navegador web, es r\u00e1pido y sencillo, no es necesario instalar programa alguno en tu PC o mantener bases de datos, s\u00f3lo es necesario registrarse e iniciar sesi\u00f3n. \u00bfQu\u00e9 ventajas obtengo al utilizar Apucons.com? [&hellip;]<\/p>\n","protected":false},"author":1,"featured_media":0,"parent":0,"menu_order":0,"comment_status":"closed","ping_status":"closed","template":"","meta":{"_et_pb_use_builder":"on","_et_pb_old_content":"","_et_gb_content_width":"","inline_featured_image":false,"_joinchat":[],"footnotes":""},"class_list":["post-104","page","type-page","status-publish","hentry"],"yoast_head":"<!-- This site is optimized with the Yoast SEO plugin v27.2 - https:\/\/yoast.com\/product\/yoast-seo-wordpress\/ -->\n<title>Preguntas frecuentes - Apucons Mexico<\/title>\n<meta name=\"robots\" content=\"index, follow, max-snippet:-1, max-image-preview:large, max-video-preview:-1\" \/>\n<link rel=\"canonical\" href=\"https:\/\/www.apucons.com\/mx\/preguntas-frecuentes\/\" \/>\n<meta property=\"og:locale\" content=\"es_ES\" \/>\n<meta property=\"og:type\" content=\"article\" \/>\n<meta property=\"og:title\" content=\"Preguntas frecuentes - Apucons Mexico\" \/>\n<meta property=\"og:description\" content=\"PREGUNTAS \u00bfQu\u00e9 es Apucons.com? Apucons.com\u00a0es una aplicaci\u00f3n web, \u00fatil para elaborar y programar presupuestos de obra en l\u00ednea a trav\u00e9s de un navegador web, es r\u00e1pido y sencillo, no es necesario instalar programa alguno en tu PC o mantener bases de datos, s\u00f3lo es necesario registrarse e iniciar sesi\u00f3n. \u00bfQu\u00e9 ventajas obtengo al utilizar Apucons.com? [&hellip;]\" \/>\n<meta property=\"og:url\" content=\"https:\/\/www.apucons.com\/mx\/preguntas-frecuentes\/\" \/>\n<meta property=\"og:site_name\" content=\"Apucons Mexico\" \/>\n<meta property=\"article:modified_time\" content=\"2024-06-18T21:43:23+00:00\" \/>\n<meta name=\"twitter:card\" content=\"summary_large_image\" \/>\n<meta name=\"twitter:label1\" content=\"Tiempo de lectura\" \/>\n\t<meta name=\"twitter:data1\" content=\"2 minutos\" \/>\n<script type=\"application\/ld+json\" class=\"yoast-schema-graph\">{\"@context\":\"https:\/\/schema.org\",\"@graph\":[{\"@type\":\"WebPage\",\"@id\":\"https:\/\/www.apucons.com\/mx\/preguntas-frecuentes\/\",\"url\":\"https:\/\/www.apucons.com\/mx\/preguntas-frecuentes\/\",\"name\":\"Preguntas frecuentes - Apucons Mexico\",\"isPartOf\":{\"@id\":\"https:\/\/www.apucons.com\/mx\/#website\"},\"datePublished\":\"2024-02-23T15:30:04+00:00\",\"dateModified\":\"2024-06-18T21:43:23+00:00\",\"breadcrumb\":{\"@id\":\"https:\/\/www.apucons.com\/mx\/preguntas-frecuentes\/#breadcrumb\"},\"inLanguage\":\"es\",\"potentialAction\":[{\"@type\":\"ReadAction\",\"target\":[\"https:\/\/www.apucons.com\/mx\/preguntas-frecuentes\/\"]}]},{\"@type\":\"BreadcrumbList\",\"@id\":\"https:\/\/www.apucons.com\/mx\/preguntas-frecuentes\/#breadcrumb\",\"itemListElement\":[{\"@type\":\"ListItem\",\"position\":1,\"name\":\"Portada\",\"item\":\"https:\/\/www.apucons.com\/mx\/\"},{\"@type\":\"ListItem\",\"position\":2,\"name\":\"Preguntas frecuentes\"}]},{\"@type\":\"WebSite\",\"@id\":\"https:\/\/www.apucons.com\/mx\/#website\",\"url\":\"https:\/\/www.apucons.com\/mx\/\",\"name\":\"Apucons\",\"description\":\"Software Presupuestos de obra para Construcci\u00f3n\",\"publisher\":{\"@id\":\"https:\/\/www.apucons.com\/mx\/#organization\"},\"potentialAction\":[{\"@type\":\"SearchAction\",\"target\":{\"@type\":\"EntryPoint\",\"urlTemplate\":\"https:\/\/www.apucons.com\/mx\/?s={search_term_string}\"},\"query-input\":{\"@type\":\"PropertyValueSpecification\",\"valueRequired\":true,\"valueName\":\"search_term_string\"}}],\"inLanguage\":\"es\"},{\"@type\":\"Organization\",\"@id\":\"https:\/\/www.apucons.com\/mx\/#organization\",\"name\":\"Apucons\",\"url\":\"https:\/\/www.apucons.com\/mx\/\",\"logo\":{\"@type\":\"ImageObject\",\"inLanguage\":\"es\",\"@id\":\"https:\/\/www.apucons.com\/mx\/#\/schema\/logo\/image\/\",\"url\":\"https:\/\/www.apucons.com\/mx\/wp-content\/uploads\/sites\/4\/2024\/02\/logo_company-1.svg\",\"contentUrl\":\"https:\/\/www.apucons.com\/mx\/wp-content\/uploads\/sites\/4\/2024\/02\/logo_company-1.svg\",\"width\":\"1024\",\"height\":\"1024\",\"caption\":\"Apucons\"},\"image\":{\"@id\":\"https:\/\/www.apucons.com\/mx\/#\/schema\/logo\/image\/\"},\"sameAs\":[\"https:\/\/www.youtube.com\/@apucons\",\"https:\/\/www.linkedin.com\/in\/apucons-ecuador-bb6021303\/\"]}]}<\/script>\n<!-- \/ Yoast SEO plugin. -->","yoast_head_json":{"title":"Preguntas frecuentes - Apucons Mexico","robots":{"index":"index","follow":"follow","max-snippet":"max-snippet:-1","max-image-preview":"max-image-preview:large","max-video-preview":"max-video-preview:-1"},"canonical":"https:\/\/www.apucons.com\/mx\/preguntas-frecuentes\/","og_locale":"es_ES","og_type":"article","og_title":"Preguntas frecuentes - Apucons Mexico","og_description":"PREGUNTAS \u00bfQu\u00e9 es Apucons.com? Apucons.com\u00a0es una aplicaci\u00f3n web, \u00fatil para elaborar y programar presupuestos de obra en l\u00ednea a trav\u00e9s de un navegador web, es r\u00e1pido y sencillo, no es necesario instalar programa alguno en tu PC o mantener bases de datos, s\u00f3lo es necesario registrarse e iniciar sesi\u00f3n. \u00bfQu\u00e9 ventajas obtengo al utilizar Apucons.com? [&hellip;]","og_url":"https:\/\/www.apucons.com\/mx\/preguntas-frecuentes\/","og_site_name":"Apucons Mexico","article_modified_time":"2024-06-18T21:43:23+00:00","twitter_card":"summary_large_image","twitter_misc":{"Tiempo de lectura":"2 minutos"},"schema":{"@context":"https:\/\/schema.org","@graph":[{"@type":"WebPage","@id":"https:\/\/www.apucons.com\/mx\/preguntas-frecuentes\/","url":"https:\/\/www.apucons.com\/mx\/preguntas-frecuentes\/","name":"Preguntas frecuentes - Apucons Mexico","isPartOf":{"@id":"https:\/\/www.apucons.com\/mx\/#website"},"datePublished":"2024-02-23T15:30:04+00:00","dateModified":"2024-06-18T21:43:23+00:00","breadcrumb":{"@id":"https:\/\/www.apucons.com\/mx\/preguntas-frecuentes\/#breadcrumb"},"inLanguage":"es","potentialAction":[{"@type":"ReadAction","target":["https:\/\/www.apucons.com\/mx\/preguntas-frecuentes\/"]}]},{"@type":"BreadcrumbList","@id":"https:\/\/www.apucons.com\/mx\/preguntas-frecuentes\/#breadcrumb","itemListElement":[{"@type":"ListItem","position":1,"name":"Portada","item":"https:\/\/www.apucons.com\/mx\/"},{"@type":"ListItem","position":2,"name":"Preguntas frecuentes"}]},{"@type":"WebSite","@id":"https:\/\/www.apucons.com\/mx\/#website","url":"https:\/\/www.apucons.com\/mx\/","name":"Apucons","description":"Software Presupuestos de obra para Construcci\u00f3n","publisher":{"@id":"https:\/\/www.apucons.com\/mx\/#organization"},"potentialAction":[{"@type":"SearchAction","target":{"@type":"EntryPoint","urlTemplate":"https:\/\/www.apucons.com\/mx\/?s={search_term_string}"},"query-input":{"@type":"PropertyValueSpecification","valueRequired":true,"valueName":"search_term_string"}}],"inLanguage":"es"},{"@type":"Organization","@id":"https:\/\/www.apucons.com\/mx\/#organization","name":"Apucons","url":"https:\/\/www.apucons.com\/mx\/","logo":{"@type":"ImageObject","inLanguage":"es","@id":"https:\/\/www.apucons.com\/mx\/#\/schema\/logo\/image\/","url":"https:\/\/www.apucons.com\/mx\/wp-content\/uploads\/sites\/4\/2024\/02\/logo_company-1.svg","contentUrl":"https:\/\/www.apucons.com\/mx\/wp-content\/uploads\/sites\/4\/2024\/02\/logo_company-1.svg","width":"1024","height":"1024","caption":"Apucons"},"image":{"@id":"https:\/\/www.apucons.com\/mx\/#\/schema\/logo\/image\/"},"sameAs":["https:\/\/www.youtube.com\/@apucons","https:\/\/www.linkedin.com\/in\/apucons-ecuador-bb6021303\/"]}]}},"_links":{"self":[{"href":"https:\/\/www.apucons.com\/mx\/wp-json\/wp\/v2\/pages\/104","targetHints":{"allow":["GET"]}}],"collection":[{"href":"https:\/\/www.apucons.com\/mx\/wp-json\/wp\/v2\/pages"}],"about":[{"href":"https:\/\/www.apucons.com\/mx\/wp-json\/wp\/v2\/types\/page"}],"author":[{"embeddable":true,"href":"https:\/\/www.apucons.com\/mx\/wp-json\/wp\/v2\/users\/1"}],"replies":[{"embeddable":true,"href":"https:\/\/www.apucons.com\/mx\/wp-json\/wp\/v2\/comments?post=104"}],"version-history":[{"count":14,"href":"https:\/\/www.apucons.com\/mx\/wp-json\/wp\/v2\/pages\/104\/revisions"}],"predecessor-version":[{"id":759,"href":"https:\/\/www.apucons.com\/mx\/wp-json\/wp\/v2\/pages\/104\/revisions\/759"}],"wp:attachment":[{"href":"https:\/\/www.apucons.com\/mx\/wp-json\/wp\/v2\/media?parent=104"}],"curies":[{"name":"wp","href":"https:\/\/api.w.org\/{rel}","templated":true}]}}