{"id":242,"date":"2024-02-26T11:38:20","date_gmt":"2024-02-26T11:38:20","guid":{"rendered":"https:\/\/www.apucons.com\/mx\/?page_id=242"},"modified":"2024-09-11T08:25:19","modified_gmt":"2024-09-11T13:25:19","slug":"presupuestos-de-obra","status":"publish","type":"page","link":"https:\/\/www.apucons.com\/mx\/presupuestos-de-obra\/","title":{"rendered":"Presupuestos de obra"},"content":{"rendered":"<p>[et_pb_section fb_built=\u00bb1&#8243; _builder_version=\u00bb4.24.2&#8243; _module_preset=\u00bbdefault\u00bb custom_padding=\u00bb54px||58px|||\u00bb global_colors_info=\u00bb{}\u00bb][et_pb_row _builder_version=\u00bb4.24.2&#8243; _module_preset=\u00bbdefault\u00bb custom_padding=\u00bb||10px|||\u00bb global_colors_info=\u00bb{}\u00bb][et_pb_column type=\u00bb4_4&#8243; _builder_version=\u00bb4.24.2&#8243; _module_preset=\u00bbdefault\u00bb global_colors_info=\u00bb{}\u00bb][et_pb_text _builder_version=\u00bb4.24.2&#8243; _module_preset=\u00bbdefault\u00bb custom_margin=\u00bb||18px|||\u00bb global_colors_info=\u00bb{}\u00bb]<\/p>\n<h1>Presupuestos de obra<\/h1>\n<p>[\/et_pb_text][\/et_pb_column][\/et_pb_row][et_pb_row _builder_version=\u00bb4.24.2&#8243; _module_preset=\u00bbdefault\u00bb global_colors_info=\u00bb{}\u00bb][et_pb_column type=\u00bb4_4&#8243; _builder_version=\u00bb4.24.2&#8243; _module_preset=\u00bbdefault\u00bb global_colors_info=\u00bb{}\u00bb][et_pb_text _builder_version=\u00bb4.24.2&#8243; _module_preset=\u00bbdefault\u00bb text_font_size=\u00bb16px\u00bb global_colors_info=\u00bb{}\u00bb]<\/p>\n<p>Para crear un presupuesto necesitar\u00e1\u00a0<span><a href=\"https:\/\/app.apucons.com\/login\" target=\"_blank\" rel=\"noopener\">iniciar sesi\u00f3n<\/a><\/span>. Si no tiene cuenta\u00a0<span><a href=\"https:\/\/app.apucons.com\/register\" target=\"_blank\" rel=\"noopener\">reg\u00edstrese<\/a><\/span>.<\/p>\n<p>En esta secci\u00f3n vea la lista de los presupuestos en los que est\u00e1 trabajando.<\/p>\n<p>Administre muchos presupuestos desde este mismo sitio.<\/p>\n<p>[\/et_pb_text][\/et_pb_column][\/et_pb_row][et_pb_row _builder_version=\u00bb4.24.2&#8243; _module_preset=\u00bbdefault\u00bb global_colors_info=\u00bb{}\u00bb][et_pb_column type=\u00bb4_4&#8243; _builder_version=\u00bb4.24.2&#8243; _module_preset=\u00bbdefault\u00bb global_colors_info=\u00bb{}\u00bb][et_pb_gallery gallery_ids=\u00bb248&#8243; fullwidth=\u00bbon\u00bb _builder_version=\u00bb4.24.2&#8243; _module_preset=\u00bbdefault\u00bb width=\u00bb58%\u00bb width_tablet=\u00bb58%\u00bb width_phone=\u00bb58%\u00bb width_last_edited=\u00bbon|desktop\u00bb module_alignment=\u00bbcenter\u00bb global_colors_info=\u00bb{}\u00bb][\/et_pb_gallery][et_pb_gallery gallery_ids=\u00bb520&#8243; fullwidth=\u00bbon\u00bb _builder_version=\u00bb4.24.2&#8243; _module_preset=\u00bbdefault\u00bb width=\u00bb44%\u00bb width_tablet=\u00bb50%\u00bb width_phone=\u00bb100%\u00bb width_last_edited=\u00bbon|desktop\u00bb module_alignment=\u00bbcenter\u00bb global_colors_info=\u00bb{}\u00bb][\/et_pb_gallery][et_pb_gallery gallery_ids=\u00bb869&#8243; fullwidth=\u00bbon\u00bb _builder_version=\u00bb4.24.2&#8243; _module_preset=\u00bbdefault\u00bb width=\u00bb46%\u00bb width_tablet=\u00bb46%\u00bb width_phone=\u00bb46%\u00bb width_last_edited=\u00bbon|desktop\u00bb max_width_tablet=\u00bb\u00bb max_width_phone=\u00bb\u00bb max_width_last_edited=\u00bbon|desktop\u00bb module_alignment=\u00bbcenter\u00bb hover_enabled=\u00bb0&#8243; global_colors_info=\u00bb{}\u00bb sticky_enabled=\u00bb0&#8243;][\/et_pb_gallery][\/et_pb_column][\/et_pb_row][\/et_pb_section]<\/p>\n","protected":false},"excerpt":{"rendered":"<p>Presupuestos de obraPara crear un presupuesto necesitar\u00e1\u00a0iniciar sesi\u00f3n. Si no tiene cuenta\u00a0reg\u00edstrese. En esta secci\u00f3n vea la lista de los presupuestos en los que est\u00e1 trabajando. Administre muchos presupuestos desde este mismo sitio.<\/p>\n","protected":false},"author":1,"featured_media":0,"parent":0,"menu_order":0,"comment_status":"closed","ping_status":"closed","template":"","meta":{"_et_pb_use_builder":"on","_et_pb_old_content":"","_et_gb_content_width":"","inline_featured_image":false,"_joinchat":[],"footnotes":""},"class_list":["post-242","page","type-page","status-publish","hentry"],"yoast_head":"<!-- This site is optimized with the Yoast SEO plugin v27.2 - https:\/\/yoast.com\/product\/yoast-seo-wordpress\/ -->\n<title>Presupuestos de obra - Apucons Mexico<\/title>\n<meta name=\"robots\" content=\"index, follow, max-snippet:-1, max-image-preview:large, max-video-preview:-1\" \/>\n<link rel=\"canonical\" href=\"https:\/\/www.apucons.com\/mx\/presupuestos-de-obra\/\" \/>\n<meta property=\"og:locale\" content=\"es_ES\" \/>\n<meta property=\"og:type\" content=\"article\" \/>\n<meta property=\"og:title\" content=\"Presupuestos de obra - Apucons Mexico\" \/>\n<meta property=\"og:description\" content=\"Presupuestos de obraPara crear un presupuesto necesitar\u00e1\u00a0iniciar sesi\u00f3n. Si no tiene cuenta\u00a0reg\u00edstrese. En esta secci\u00f3n vea la lista de los presupuestos en los que est\u00e1 trabajando. Administre muchos presupuestos desde este mismo sitio.\" \/>\n<meta property=\"og:url\" content=\"https:\/\/www.apucons.com\/mx\/presupuestos-de-obra\/\" \/>\n<meta property=\"og:site_name\" content=\"Apucons Mexico\" \/>\n<meta property=\"article:modified_time\" content=\"2024-09-11T13:25:19+00:00\" \/>\n<meta name=\"twitter:card\" content=\"summary_large_image\" \/>\n<script type=\"application\/ld+json\" class=\"yoast-schema-graph\">{\"@context\":\"https:\/\/schema.org\",\"@graph\":[{\"@type\":\"WebPage\",\"@id\":\"https:\/\/www.apucons.com\/mx\/presupuestos-de-obra\/\",\"url\":\"https:\/\/www.apucons.com\/mx\/presupuestos-de-obra\/\",\"name\":\"Presupuestos de obra - Apucons Mexico\",\"isPartOf\":{\"@id\":\"https:\/\/www.apucons.com\/mx\/#website\"},\"datePublished\":\"2024-02-26T11:38:20+00:00\",\"dateModified\":\"2024-09-11T13:25:19+00:00\",\"breadcrumb\":{\"@id\":\"https:\/\/www.apucons.com\/mx\/presupuestos-de-obra\/#breadcrumb\"},\"inLanguage\":\"es\",\"potentialAction\":[{\"@type\":\"ReadAction\",\"target\":[\"https:\/\/www.apucons.com\/mx\/presupuestos-de-obra\/\"]}]},{\"@type\":\"BreadcrumbList\",\"@id\":\"https:\/\/www.apucons.com\/mx\/presupuestos-de-obra\/#breadcrumb\",\"itemListElement\":[{\"@type\":\"ListItem\",\"position\":1,\"name\":\"Portada\",\"item\":\"https:\/\/www.apucons.com\/mx\/\"},{\"@type\":\"ListItem\",\"position\":2,\"name\":\"Presupuestos de obra\"}]},{\"@type\":\"WebSite\",\"@id\":\"https:\/\/www.apucons.com\/mx\/#website\",\"url\":\"https:\/\/www.apucons.com\/mx\/\",\"name\":\"Apucons\",\"description\":\"Software Presupuestos de obra para Construcci\u00f3n\",\"publisher\":{\"@id\":\"https:\/\/www.apucons.com\/mx\/#organization\"},\"potentialAction\":[{\"@type\":\"SearchAction\",\"target\":{\"@type\":\"EntryPoint\",\"urlTemplate\":\"https:\/\/www.apucons.com\/mx\/?s={search_term_string}\"},\"query-input\":{\"@type\":\"PropertyValueSpecification\",\"valueRequired\":true,\"valueName\":\"search_term_string\"}}],\"inLanguage\":\"es\"},{\"@type\":\"Organization\",\"@id\":\"https:\/\/www.apucons.com\/mx\/#organization\",\"name\":\"Apucons\",\"url\":\"https:\/\/www.apucons.com\/mx\/\",\"logo\":{\"@type\":\"ImageObject\",\"inLanguage\":\"es\",\"@id\":\"https:\/\/www.apucons.com\/mx\/#\/schema\/logo\/image\/\",\"url\":\"https:\/\/www.apucons.com\/mx\/wp-content\/uploads\/sites\/4\/2024\/02\/logo_company-1.svg\",\"contentUrl\":\"https:\/\/www.apucons.com\/mx\/wp-content\/uploads\/sites\/4\/2024\/02\/logo_company-1.svg\",\"width\":\"1024\",\"height\":\"1024\",\"caption\":\"Apucons\"},\"image\":{\"@id\":\"https:\/\/www.apucons.com\/mx\/#\/schema\/logo\/image\/\"},\"sameAs\":[\"https:\/\/www.youtube.com\/@apucons\",\"https:\/\/www.linkedin.com\/in\/apucons-ecuador-bb6021303\/\"]}]}<\/script>\n<!-- \/ Yoast SEO plugin. -->","yoast_head_json":{"title":"Presupuestos de obra - Apucons Mexico","robots":{"index":"index","follow":"follow","max-snippet":"max-snippet:-1","max-image-preview":"max-image-preview:large","max-video-preview":"max-video-preview:-1"},"canonical":"https:\/\/www.apucons.com\/mx\/presupuestos-de-obra\/","og_locale":"es_ES","og_type":"article","og_title":"Presupuestos de obra - Apucons Mexico","og_description":"Presupuestos de obraPara crear un presupuesto necesitar\u00e1\u00a0iniciar sesi\u00f3n. Si no tiene cuenta\u00a0reg\u00edstrese. En esta secci\u00f3n vea la lista de los presupuestos en los que est\u00e1 trabajando. Administre muchos presupuestos desde este mismo sitio.","og_url":"https:\/\/www.apucons.com\/mx\/presupuestos-de-obra\/","og_site_name":"Apucons Mexico","article_modified_time":"2024-09-11T13:25:19+00:00","twitter_card":"summary_large_image","schema":{"@context":"https:\/\/schema.org","@graph":[{"@type":"WebPage","@id":"https:\/\/www.apucons.com\/mx\/presupuestos-de-obra\/","url":"https:\/\/www.apucons.com\/mx\/presupuestos-de-obra\/","name":"Presupuestos de obra - Apucons Mexico","isPartOf":{"@id":"https:\/\/www.apucons.com\/mx\/#website"},"datePublished":"2024-02-26T11:38:20+00:00","dateModified":"2024-09-11T13:25:19+00:00","breadcrumb":{"@id":"https:\/\/www.apucons.com\/mx\/presupuestos-de-obra\/#breadcrumb"},"inLanguage":"es","potentialAction":[{"@type":"ReadAction","target":["https:\/\/www.apucons.com\/mx\/presupuestos-de-obra\/"]}]},{"@type":"BreadcrumbList","@id":"https:\/\/www.apucons.com\/mx\/presupuestos-de-obra\/#breadcrumb","itemListElement":[{"@type":"ListItem","position":1,"name":"Portada","item":"https:\/\/www.apucons.com\/mx\/"},{"@type":"ListItem","position":2,"name":"Presupuestos de obra"}]},{"@type":"WebSite","@id":"https:\/\/www.apucons.com\/mx\/#website","url":"https:\/\/www.apucons.com\/mx\/","name":"Apucons","description":"Software Presupuestos de obra para Construcci\u00f3n","publisher":{"@id":"https:\/\/www.apucons.com\/mx\/#organization"},"potentialAction":[{"@type":"SearchAction","target":{"@type":"EntryPoint","urlTemplate":"https:\/\/www.apucons.com\/mx\/?s={search_term_string}"},"query-input":{"@type":"PropertyValueSpecification","valueRequired":true,"valueName":"search_term_string"}}],"inLanguage":"es"},{"@type":"Organization","@id":"https:\/\/www.apucons.com\/mx\/#organization","name":"Apucons","url":"https:\/\/www.apucons.com\/mx\/","logo":{"@type":"ImageObject","inLanguage":"es","@id":"https:\/\/www.apucons.com\/mx\/#\/schema\/logo\/image\/","url":"https:\/\/www.apucons.com\/mx\/wp-content\/uploads\/sites\/4\/2024\/02\/logo_company-1.svg","contentUrl":"https:\/\/www.apucons.com\/mx\/wp-content\/uploads\/sites\/4\/2024\/02\/logo_company-1.svg","width":"1024","height":"1024","caption":"Apucons"},"image":{"@id":"https:\/\/www.apucons.com\/mx\/#\/schema\/logo\/image\/"},"sameAs":["https:\/\/www.youtube.com\/@apucons","https:\/\/www.linkedin.com\/in\/apucons-ecuador-bb6021303\/"]}]}},"_links":{"self":[{"href":"https:\/\/www.apucons.com\/mx\/wp-json\/wp\/v2\/pages\/242","targetHints":{"allow":["GET"]}}],"collection":[{"href":"https:\/\/www.apucons.com\/mx\/wp-json\/wp\/v2\/pages"}],"about":[{"href":"https:\/\/www.apucons.com\/mx\/wp-json\/wp\/v2\/types\/page"}],"author":[{"embeddable":true,"href":"https:\/\/www.apucons.com\/mx\/wp-json\/wp\/v2\/users\/1"}],"replies":[{"embeddable":true,"href":"https:\/\/www.apucons.com\/mx\/wp-json\/wp\/v2\/comments?post=242"}],"version-history":[{"count":13,"href":"https:\/\/www.apucons.com\/mx\/wp-json\/wp\/v2\/pages\/242\/revisions"}],"predecessor-version":[{"id":870,"href":"https:\/\/www.apucons.com\/mx\/wp-json\/wp\/v2\/pages\/242\/revisions\/870"}],"wp:attachment":[{"href":"https:\/\/www.apucons.com\/mx\/wp-json\/wp\/v2\/media?parent=242"}],"curies":[{"name":"wp","href":"https:\/\/api.w.org\/{rel}","templated":true}]}}