{"id":452,"date":"2024-03-01T10:16:12","date_gmt":"2024-03-01T15:16:12","guid":{"rendered":"https:\/\/www.apucons.com\/mx\/?page_id=452"},"modified":"2025-10-13T17:55:02","modified_gmt":"2025-10-13T22:55:02","slug":"anuncie-con-nostros","status":"publish","type":"page","link":"https:\/\/www.apucons.com\/mx\/anuncie-con-nostros\/","title":{"rendered":"Anuncie con nosotros"},"content":{"rendered":"<p>[et_pb_section fb_built=\u00bb1&#8243; _builder_version=\u00bb4.24.2&#8243; _module_preset=\u00bbdefault\u00bb custom_padding=\u00bb49px|||||\u00bb global_colors_info=\u00bb{}\u00bb][et_pb_row _builder_version=\u00bb4.24.2&#8243; _module_preset=\u00bbdefault\u00bb global_colors_info=\u00bb{}\u00bb][et_pb_column type=\u00bb4_4&#8243; _builder_version=\u00bb4.24.2&#8243; _module_preset=\u00bbdefault\u00bb global_colors_info=\u00bb{}\u00bb][et_pb_text _builder_version=\u00bb4.24.2&#8243; _module_preset=\u00bbdefault\u00bb global_colors_info=\u00bb{}\u00bb]<\/p>\n<h1>Anuncie con nosotros<\/h1>\n<p>[\/et_pb_text][et_pb_text _builder_version=\u00bb4.24.2&#8243; _module_preset=\u00bbdefault\u00bb custom_margin=\u00bb||13px|||\u00bb global_colors_info=\u00bb{}\u00bb]<\/p>\n<p>\u00bfDesea publicar sus productos y marcas a trav\u00e9s de nuestros medios? Env\u00ede sus datos en el siguiente formulario y un asesor se pondr\u00e1 en contacto con usted:<\/p>\n<p>[\/et_pb_text][et_pb_contact_form email=\u00bbgerencia@apucons.com\u00bb custom_message=\u00bbAnuncie con nosotros:||et_pb_line_break_holder||Nombres y apellidos: %%name%%||et_pb_line_break_holder||Correo electr\u00f3nico: %%email%%||et_pb_line_break_holder||Empresa: %%empresa%%||et_pb_line_break_holder||Cargo: %%cargo%%||et_pb_line_break_holder||Tel\u00e9fono: %%telefono%%||et_pb_line_break_holder||Plan: %%plan%%||et_pb_line_break_holder||Mensaje: %%message%%\u00bb success_message=\u00bbHemos recibido su mensaje, de inmediato nos contactaremos con usted\u00bb submit_button_text=\u00bbEnviar\u00bb _builder_version=\u00bb4.24.2&#8243; _module_preset=\u00bbdefault\u00bb _unique_id=\u00bbf4c47a99-6aa0-41a2-afbe-0c697aec2998&#8243; custom_button=\u00bbon\u00bb button_text_color=\u00bb#343434&#8243; button_bg_color=\u00bb#FAE24D\u00bb button_border_width=\u00bb0px\u00bb button_border_color=\u00bb#FAE24D\u00bb button_icon=\u00bb&#xf0e0;||fa||900&#8243; global_colors_info=\u00bb{}\u00bb][et_pb_contact_field field_id=\u00bbname\u00bb field_title=\u00bbNombres y apellidos \u00bb _builder_version=\u00bb4.24.2&#8243; global_colors_info=\u00bb{}\u00bb button_text_size__hover_enabled=\u00bboff\u00bb button_one_text_size__hover_enabled=\u00bboff\u00bb button_two_text_size__hover_enabled=\u00bboff\u00bb button_text_color__hover_enabled=\u00bboff\u00bb button_one_text_color__hover_enabled=\u00bboff\u00bb button_two_text_color__hover_enabled=\u00bboff\u00bb button_border_width__hover_enabled=\u00bboff\u00bb button_one_border_width__hover_enabled=\u00bboff\u00bb button_two_border_width__hover_enabled=\u00bboff\u00bb button_border_color__hover_enabled=\u00bboff\u00bb button_one_border_color__hover_enabled=\u00bboff\u00bb button_two_border_color__hover_enabled=\u00bboff\u00bb button_border_radius__hover_enabled=\u00bboff\u00bb button_one_border_radius__hover_enabled=\u00bboff\u00bb button_two_border_radius__hover_enabled=\u00bboff\u00bb button_letter_spacing__hover_enabled=\u00bboff\u00bb button_one_letter_spacing__hover_enabled=\u00bboff\u00bb button_two_letter_spacing__hover_enabled=\u00bboff\u00bb button_bg_color__hover_enabled=\u00bboff\u00bb button_one_bg_color__hover_enabled=\u00bboff\u00bb button_two_bg_color__hover_enabled=\u00bboff\u00bb][\/et_pb_contact_field][et_pb_contact_field field_id=\u00bbemail\u00bb field_title=\u00bbCorreo electr\u00f3nico\u00bb field_type=\u00bbemail\u00bb _builder_version=\u00bb4.24.2&#8243; global_colors_info=\u00bb{}\u00bb button_text_size__hover_enabled=\u00bboff\u00bb button_one_text_size__hover_enabled=\u00bboff\u00bb button_two_text_size__hover_enabled=\u00bboff\u00bb button_text_color__hover_enabled=\u00bboff\u00bb button_one_text_color__hover_enabled=\u00bboff\u00bb button_two_text_color__hover_enabled=\u00bboff\u00bb button_border_width__hover_enabled=\u00bboff\u00bb button_one_border_width__hover_enabled=\u00bboff\u00bb button_two_border_width__hover_enabled=\u00bboff\u00bb button_border_color__hover_enabled=\u00bboff\u00bb button_one_border_color__hover_enabled=\u00bboff\u00bb button_two_border_color__hover_enabled=\u00bboff\u00bb button_border_radius__hover_enabled=\u00bboff\u00bb button_one_border_radius__hover_enabled=\u00bboff\u00bb button_two_border_radius__hover_enabled=\u00bboff\u00bb button_letter_spacing__hover_enabled=\u00bboff\u00bb button_one_letter_spacing__hover_enabled=\u00bboff\u00bb button_two_letter_spacing__hover_enabled=\u00bboff\u00bb button_bg_color__hover_enabled=\u00bboff\u00bb button_one_bg_color__hover_enabled=\u00bboff\u00bb button_two_bg_color__hover_enabled=\u00bboff\u00bb][\/et_pb_contact_field][et_pb_contact_field field_id=\u00bbempresa\u00bb field_title=\u00bbEmpresa \u00bb _builder_version=\u00bb4.24.2&#8243; _module_preset=\u00bbdefault\u00bb global_colors_info=\u00bb{}\u00bb][\/et_pb_contact_field][et_pb_contact_field field_id=\u00bbcargo\u00bb field_title=\u00bbCargo\u00bb _builder_version=\u00bb4.24.2&#8243; _module_preset=\u00bbdefault\u00bb global_colors_info=\u00bb{}\u00bb][\/et_pb_contact_field][et_pb_contact_field field_id=\u00bbtelefono\u00bb field_title=\u00bbTel\u00e9fono\u00bb _builder_version=\u00bb4.24.2&#8243; _module_preset=\u00bbdefault\u00bb global_colors_info=\u00bb{}\u00bb][\/et_pb_contact_field][et_pb_contact_field field_id=\u00bbplan\u00bb field_title=\u00bbPlan de publicidad\u00bb field_type=\u00bbselect\u00bb select_options=\u00bb%91{%22value%22:%22B\u00e1sico USD 120 Anual%22,%22checked%22:0,%22dragID%22:-1},{%22value%22:%22Premium USD 350 Anual%22,%22checked%22:0,%22dragID%22:0},{%22value%22:%22Super Premium USD 500 Anual%22,%22checked%22:0,%22dragID%22:1}%93&#8243; _builder_version=\u00bb4.24.2&#8243; _module_preset=\u00bbdefault\u00bb global_colors_info=\u00bb{}\u00bb][\/et_pb_contact_field][et_pb_contact_field field_id=\u00bbmessage\u00bb field_title=\u00bbMensaje\u00bb field_type=\u00bbtext\u00bb fullwidth_field=\u00bbon\u00bb _builder_version=\u00bb4.24.2&#8243; global_colors_info=\u00bb{}\u00bb button_text_size__hover_enabled=\u00bboff\u00bb button_one_text_size__hover_enabled=\u00bboff\u00bb button_two_text_size__hover_enabled=\u00bboff\u00bb button_text_color__hover_enabled=\u00bboff\u00bb button_one_text_color__hover_enabled=\u00bboff\u00bb button_two_text_color__hover_enabled=\u00bboff\u00bb button_border_width__hover_enabled=\u00bboff\u00bb button_one_border_width__hover_enabled=\u00bboff\u00bb button_two_border_width__hover_enabled=\u00bboff\u00bb button_border_color__hover_enabled=\u00bboff\u00bb button_one_border_color__hover_enabled=\u00bboff\u00bb button_two_border_color__hover_enabled=\u00bboff\u00bb button_border_radius__hover_enabled=\u00bboff\u00bb button_one_border_radius__hover_enabled=\u00bboff\u00bb button_two_border_radius__hover_enabled=\u00bboff\u00bb button_letter_spacing__hover_enabled=\u00bboff\u00bb button_one_letter_spacing__hover_enabled=\u00bboff\u00bb button_two_letter_spacing__hover_enabled=\u00bboff\u00bb button_bg_color__hover_enabled=\u00bboff\u00bb button_one_bg_color__hover_enabled=\u00bboff\u00bb button_two_bg_color__hover_enabled=\u00bboff\u00bb][\/et_pb_contact_field][\/et_pb_contact_form][\/et_pb_column][\/et_pb_row][et_pb_row column_structure=\u00bb1_3,1_3,1_3&#8243; _builder_version=\u00bb4.24.2&#8243; _module_preset=\u00bbdefault\u00bb global_colors_info=\u00bb{}\u00bb][et_pb_column type=\u00bb1_3&#8243; _builder_version=\u00bb4.24.2&#8243; _module_preset=\u00bbdefault\u00bb global_colors_info=\u00bb{}\u00bb][et_pb_text _builder_version=\u00bb4.24.2&#8243; _module_preset=\u00bbdefault\u00bb header_2_font_size=\u00bb30px\u00bb text_orientation=\u00bbcenter\u00bb global_colors_info=\u00bb{}\u00bb]<\/p>\n<h4 style=\"text-align: center;\">B\u00c1SICO<\/h4>\n<h2 style=\"text-align: center;\">120 USD<\/h2>\n<h3 style=\"text-align: center;\">ANUAL<\/h3>\n<p>[\/et_pb_text][et_pb_text _builder_version=\u00bb4.24.2&#8243; _module_preset=\u00bbdefault\u00bb text_orientation=\u00bbcenter\u00bb global_colors_info=\u00bb{}\u00bb]<\/p>\n<p>Directorio de la construcci\u00f3n<\/p>\n<p>[\/et_pb_text][et_pb_image src=\u00bbhttps:\/\/www.apucons.com\/mx\/wp-content\/uploads\/sites\/4\/2024\/03\/directorio.jpg\u00bb title_text=\u00bbdirectorio\u00bb _builder_version=\u00bb4.24.2&#8243; _module_preset=\u00bbdefault\u00bb global_colors_info=\u00bb{}\u00bb][\/et_pb_image][\/et_pb_column][et_pb_column type=\u00bb1_3&#8243; _builder_version=\u00bb4.24.2&#8243; _module_preset=\u00bbdefault\u00bb global_colors_info=\u00bb{}\u00bb][et_pb_text _builder_version=\u00bb4.24.2&#8243; _module_preset=\u00bbdefault\u00bb header_2_font_size=\u00bb30px\u00bb text_orientation=\u00bbcenter\u00bb global_colors_info=\u00bb{}\u00bb]<\/p>\n<h4 style=\"text-align: center;\">PREMIUM<\/h4>\n<h2 style=\"text-align: center;\">350 USD<\/h2>\n<h3 style=\"text-align: center;\">ANUAL<\/h3>\n<p>[\/et_pb_text][et_pb_text _builder_version=\u00bb4.24.2&#8243; _module_preset=\u00bbdefault\u00bb text_orientation=\u00bbcenter\u00bb global_colors_info=\u00bb{}\u00bb]<\/p>\n<p>Banner en la p\u00e1gina de inicio<\/p>\n<p>[\/et_pb_text][et_pb_image src=\u00bbhttps:\/\/www.apucons.com\/mx\/wp-content\/uploads\/sites\/4\/2024\/09\/foto-carrusel.jpg\u00bb title_text=\u00bbfoto carrusel\u00bb _builder_version=\u00bb4.24.2&#8243; _module_preset=\u00bbdefault\u00bb global_colors_info=\u00bb{}\u00bb][\/et_pb_image][et_pb_text _builder_version=\u00bb4.24.2&#8243; _module_preset=\u00bbdefault\u00bb text_orientation=\u00bbcenter\u00bb global_colors_info=\u00bb{}\u00bb]<\/p>\n<p>Directorio de la construcci\u00f3n<\/p>\n<p>[\/et_pb_text][et_pb_image src=\u00bbhttps:\/\/www.apucons.com\/mx\/wp-content\/uploads\/sites\/4\/2024\/03\/directorio.jpg\u00bb title_text=\u00bbdirectorio\u00bb _builder_version=\u00bb4.24.2&#8243; _module_preset=\u00bbdefault\u00bb global_colors_info=\u00bb{}\u00bb][\/et_pb_image][\/et_pb_column][et_pb_column type=\u00bb1_3&#8243; _builder_version=\u00bb4.24.2&#8243; _module_preset=\u00bbdefault\u00bb global_colors_info=\u00bb{}\u00bb][et_pb_text _builder_version=\u00bb4.24.2&#8243; _module_preset=\u00bbdefault\u00bb header_2_font_size=\u00bb30px\u00bb text_orientation=\u00bbcenter\u00bb global_colors_info=\u00bb{}\u00bb]<\/p>\n<h4 style=\"text-align: center;\">SUPER PREMIUM<\/h4>\n<h2 style=\"text-align: center;\">500 USD<\/h2>\n<h3 style=\"text-align: center;\">ANUAL<\/h3>\n<p>[\/et_pb_text][et_pb_text _builder_version=\u00bb4.24.2&#8243; _module_preset=\u00bbdefault\u00bb text_orientation=\u00bbcenter\u00bb global_colors_info=\u00bb{}\u00bb]<\/p>\n<p>En los insumos se incluye la marca del fabricante y\/o importador<\/p>\n<p>[\/et_pb_text][et_pb_image src=\u00bbhttps:\/\/www.apucons.com\/mx\/wp-content\/uploads\/sites\/4\/2024\/03\/NOMBRE-INSUMO.png\u00bb title_text=\u00bbNOMBRE INSUMO\u00bb _builder_version=\u00bb4.24.2&#8243; _module_preset=\u00bbdefault\u00bb global_colors_info=\u00bb{}\u00bb][\/et_pb_image][et_pb_text _builder_version=\u00bb4.24.2&#8243; _module_preset=\u00bbdefault\u00bb text_orientation=\u00bbcenter\u00bb global_colors_info=\u00bb{}\u00bb]<\/p>\n<p>Banner en la p\u00e1gina de inicio<\/p>\n<p>[\/et_pb_text][et_pb_image src=\u00bbhttps:\/\/www.apucons.com\/mx\/wp-content\/uploads\/sites\/4\/2024\/09\/foto-carrusel.jpg\u00bb title_text=\u00bbfoto carrusel\u00bb _builder_version=\u00bb4.24.2&#8243; _module_preset=\u00bbdefault\u00bb global_colors_info=\u00bb{}\u00bb][\/et_pb_image][et_pb_text _builder_version=\u00bb4.24.2&#8243; _module_preset=\u00bbdefault\u00bb text_orientation=\u00bbcenter\u00bb global_colors_info=\u00bb{}\u00bb]<\/p>\n<p>Directorio de la construcci\u00f3n<\/p>\n<p>[\/et_pb_text][et_pb_image src=\u00bbhttps:\/\/www.apucons.com\/mx\/wp-content\/uploads\/sites\/4\/2024\/03\/directorio.jpg\u00bb title_text=\u00bbdirectorio\u00bb _builder_version=\u00bb4.24.2&#8243; _module_preset=\u00bbdefault\u00bb global_colors_info=\u00bb{}\u00bb][\/et_pb_image][\/et_pb_column][\/et_pb_row][\/et_pb_section]<\/p>\n","protected":false},"excerpt":{"rendered":"<p>Anuncie con nosotros\u00bfDesea publicar sus productos y marcas a trav\u00e9s de nuestros medios? Env\u00ede sus datos en el siguiente formulario y un asesor se pondr\u00e1 en contacto con usted:B\u00c1SICO 120 USD ANUALDirectorio de la construcci\u00f3nPREMIUM 350 USD ANUALBanner en la p\u00e1gina de inicioDirectorio de la construcci\u00f3nSUPER PREMIUM 500 USD ANUALEn los insumos se incluye la [&hellip;]<\/p>\n","protected":false},"author":1,"featured_media":0,"parent":0,"menu_order":0,"comment_status":"closed","ping_status":"closed","template":"","meta":{"_et_pb_use_builder":"on","_et_pb_old_content":"","_et_gb_content_width":"","inline_featured_image":false,"_joinchat":[],"footnotes":""},"class_list":["post-452","page","type-page","status-publish","hentry"],"yoast_head":"<!-- This site is optimized with the Yoast SEO plugin v27.2 - https:\/\/yoast.com\/product\/yoast-seo-wordpress\/ -->\n<title>Anuncie con nosotros - Apucons Mexico<\/title>\n<meta name=\"description\" content=\"Anuncie su marca relacionado al sector de la construcci\u00f3n en apucons, segmentado por tipo de producto que ofrece o por provincia\" \/>\n<meta name=\"robots\" content=\"index, follow, max-snippet:-1, max-image-preview:large, max-video-preview:-1\" \/>\n<link rel=\"canonical\" href=\"https:\/\/www.apucons.com\/mx\/anuncie-con-nostros\/\" \/>\n<meta property=\"og:locale\" content=\"es_ES\" \/>\n<meta property=\"og:type\" content=\"article\" \/>\n<meta property=\"og:title\" content=\"Anuncie con nosotros - Apucons Mexico\" \/>\n<meta property=\"og:description\" content=\"Anuncie su marca relacionado al sector de la construcci\u00f3n en apucons, segmentado por tipo de producto que ofrece o por provincia\" \/>\n<meta property=\"og:url\" content=\"https:\/\/www.apucons.com\/mx\/anuncie-con-nostros\/\" \/>\n<meta property=\"og:site_name\" content=\"Apucons Mexico\" \/>\n<meta property=\"article:modified_time\" content=\"2025-10-13T22:55:02+00:00\" \/>\n<meta name=\"twitter:card\" content=\"summary_large_image\" \/>\n<meta name=\"twitter:label1\" content=\"Tiempo de lectura\" \/>\n\t<meta name=\"twitter:data1\" content=\"1 minuto\" \/>\n<script type=\"application\/ld+json\" class=\"yoast-schema-graph\">{\"@context\":\"https:\/\/schema.org\",\"@graph\":[{\"@type\":\"WebPage\",\"@id\":\"https:\/\/www.apucons.com\/mx\/anuncie-con-nostros\/\",\"url\":\"https:\/\/www.apucons.com\/mx\/anuncie-con-nostros\/\",\"name\":\"Anuncie con nosotros - Apucons Mexico\",\"isPartOf\":{\"@id\":\"https:\/\/www.apucons.com\/mx\/#website\"},\"datePublished\":\"2024-03-01T15:16:12+00:00\",\"dateModified\":\"2025-10-13T22:55:02+00:00\",\"description\":\"Anuncie su marca relacionado al sector de la construcci\u00f3n en apucons, segmentado por tipo de producto que ofrece o por provincia\",\"breadcrumb\":{\"@id\":\"https:\/\/www.apucons.com\/mx\/anuncie-con-nostros\/#breadcrumb\"},\"inLanguage\":\"es\",\"potentialAction\":[{\"@type\":\"ReadAction\",\"target\":[\"https:\/\/www.apucons.com\/mx\/anuncie-con-nostros\/\"]}]},{\"@type\":\"BreadcrumbList\",\"@id\":\"https:\/\/www.apucons.com\/mx\/anuncie-con-nostros\/#breadcrumb\",\"itemListElement\":[{\"@type\":\"ListItem\",\"position\":1,\"name\":\"Portada\",\"item\":\"https:\/\/www.apucons.com\/mx\/\"},{\"@type\":\"ListItem\",\"position\":2,\"name\":\"Anuncie con nosotros\"}]},{\"@type\":\"WebSite\",\"@id\":\"https:\/\/www.apucons.com\/mx\/#website\",\"url\":\"https:\/\/www.apucons.com\/mx\/\",\"name\":\"Apucons\",\"description\":\"Software Presupuestos de obra para Construcci\u00f3n\",\"publisher\":{\"@id\":\"https:\/\/www.apucons.com\/mx\/#organization\"},\"potentialAction\":[{\"@type\":\"SearchAction\",\"target\":{\"@type\":\"EntryPoint\",\"urlTemplate\":\"https:\/\/www.apucons.com\/mx\/?s={search_term_string}\"},\"query-input\":{\"@type\":\"PropertyValueSpecification\",\"valueRequired\":true,\"valueName\":\"search_term_string\"}}],\"inLanguage\":\"es\"},{\"@type\":\"Organization\",\"@id\":\"https:\/\/www.apucons.com\/mx\/#organization\",\"name\":\"Apucons\",\"url\":\"https:\/\/www.apucons.com\/mx\/\",\"logo\":{\"@type\":\"ImageObject\",\"inLanguage\":\"es\",\"@id\":\"https:\/\/www.apucons.com\/mx\/#\/schema\/logo\/image\/\",\"url\":\"https:\/\/www.apucons.com\/mx\/wp-content\/uploads\/sites\/4\/2024\/02\/logo_company-1.svg\",\"contentUrl\":\"https:\/\/www.apucons.com\/mx\/wp-content\/uploads\/sites\/4\/2024\/02\/logo_company-1.svg\",\"width\":\"1024\",\"height\":\"1024\",\"caption\":\"Apucons\"},\"image\":{\"@id\":\"https:\/\/www.apucons.com\/mx\/#\/schema\/logo\/image\/\"},\"sameAs\":[\"https:\/\/www.youtube.com\/@apucons\",\"https:\/\/www.linkedin.com\/in\/apucons-ecuador-bb6021303\/\"]}]}<\/script>\n<!-- \/ Yoast SEO plugin. -->","yoast_head_json":{"title":"Anuncie con nosotros - Apucons Mexico","description":"Anuncie su marca relacionado al sector de la construcci\u00f3n en apucons, segmentado por tipo de producto que ofrece o por provincia","robots":{"index":"index","follow":"follow","max-snippet":"max-snippet:-1","max-image-preview":"max-image-preview:large","max-video-preview":"max-video-preview:-1"},"canonical":"https:\/\/www.apucons.com\/mx\/anuncie-con-nostros\/","og_locale":"es_ES","og_type":"article","og_title":"Anuncie con nosotros - Apucons Mexico","og_description":"Anuncie su marca relacionado al sector de la construcci\u00f3n en apucons, segmentado por tipo de producto que ofrece o por provincia","og_url":"https:\/\/www.apucons.com\/mx\/anuncie-con-nostros\/","og_site_name":"Apucons Mexico","article_modified_time":"2025-10-13T22:55:02+00:00","twitter_card":"summary_large_image","twitter_misc":{"Tiempo de lectura":"1 minuto"},"schema":{"@context":"https:\/\/schema.org","@graph":[{"@type":"WebPage","@id":"https:\/\/www.apucons.com\/mx\/anuncie-con-nostros\/","url":"https:\/\/www.apucons.com\/mx\/anuncie-con-nostros\/","name":"Anuncie con nosotros - Apucons Mexico","isPartOf":{"@id":"https:\/\/www.apucons.com\/mx\/#website"},"datePublished":"2024-03-01T15:16:12+00:00","dateModified":"2025-10-13T22:55:02+00:00","description":"Anuncie su marca relacionado al sector de la construcci\u00f3n en apucons, segmentado por tipo de producto que ofrece o por provincia","breadcrumb":{"@id":"https:\/\/www.apucons.com\/mx\/anuncie-con-nostros\/#breadcrumb"},"inLanguage":"es","potentialAction":[{"@type":"ReadAction","target":["https:\/\/www.apucons.com\/mx\/anuncie-con-nostros\/"]}]},{"@type":"BreadcrumbList","@id":"https:\/\/www.apucons.com\/mx\/anuncie-con-nostros\/#breadcrumb","itemListElement":[{"@type":"ListItem","position":1,"name":"Portada","item":"https:\/\/www.apucons.com\/mx\/"},{"@type":"ListItem","position":2,"name":"Anuncie con nosotros"}]},{"@type":"WebSite","@id":"https:\/\/www.apucons.com\/mx\/#website","url":"https:\/\/www.apucons.com\/mx\/","name":"Apucons","description":"Software Presupuestos de obra para Construcci\u00f3n","publisher":{"@id":"https:\/\/www.apucons.com\/mx\/#organization"},"potentialAction":[{"@type":"SearchAction","target":{"@type":"EntryPoint","urlTemplate":"https:\/\/www.apucons.com\/mx\/?s={search_term_string}"},"query-input":{"@type":"PropertyValueSpecification","valueRequired":true,"valueName":"search_term_string"}}],"inLanguage":"es"},{"@type":"Organization","@id":"https:\/\/www.apucons.com\/mx\/#organization","name":"Apucons","url":"https:\/\/www.apucons.com\/mx\/","logo":{"@type":"ImageObject","inLanguage":"es","@id":"https:\/\/www.apucons.com\/mx\/#\/schema\/logo\/image\/","url":"https:\/\/www.apucons.com\/mx\/wp-content\/uploads\/sites\/4\/2024\/02\/logo_company-1.svg","contentUrl":"https:\/\/www.apucons.com\/mx\/wp-content\/uploads\/sites\/4\/2024\/02\/logo_company-1.svg","width":"1024","height":"1024","caption":"Apucons"},"image":{"@id":"https:\/\/www.apucons.com\/mx\/#\/schema\/logo\/image\/"},"sameAs":["https:\/\/www.youtube.com\/@apucons","https:\/\/www.linkedin.com\/in\/apucons-ecuador-bb6021303\/"]}]}},"_links":{"self":[{"href":"https:\/\/www.apucons.com\/mx\/wp-json\/wp\/v2\/pages\/452","targetHints":{"allow":["GET"]}}],"collection":[{"href":"https:\/\/www.apucons.com\/mx\/wp-json\/wp\/v2\/pages"}],"about":[{"href":"https:\/\/www.apucons.com\/mx\/wp-json\/wp\/v2\/types\/page"}],"author":[{"embeddable":true,"href":"https:\/\/www.apucons.com\/mx\/wp-json\/wp\/v2\/users\/1"}],"replies":[{"embeddable":true,"href":"https:\/\/www.apucons.com\/mx\/wp-json\/wp\/v2\/comments?post=452"}],"version-history":[{"count":19,"href":"https:\/\/www.apucons.com\/mx\/wp-json\/wp\/v2\/pages\/452\/revisions"}],"predecessor-version":[{"id":911,"href":"https:\/\/www.apucons.com\/mx\/wp-json\/wp\/v2\/pages\/452\/revisions\/911"}],"wp:attachment":[{"href":"https:\/\/www.apucons.com\/mx\/wp-json\/wp\/v2\/media?parent=452"}],"curies":[{"name":"wp","href":"https:\/\/api.w.org\/{rel}","templated":true}]}}