{"id":658,"date":"2024-04-29T06:01:44","date_gmt":"2024-04-29T11:01:44","guid":{"rendered":"https:\/\/www.apucons.com\/mx\/?page_id=658"},"modified":"2024-04-29T14:09:24","modified_gmt":"2024-04-29T19:09:24","slug":"programa-de-afiliados","status":"publish","type":"page","link":"https:\/\/www.apucons.com\/mx\/programa-de-afiliados\/","title":{"rendered":"Programa de afiliados"},"content":{"rendered":"<p>[et_pb_section fb_built=\u00bb1&#8243; _builder_version=\u00bb4.24.2&#8243; _module_preset=\u00bbdefault\u00bb custom_padding=\u00bb40px|||||\u00bb global_colors_info=\u00bb{}\u00bb][et_pb_row _builder_version=\u00bb4.24.2&#8243; _module_preset=\u00bbdefault\u00bb global_colors_info=\u00bb{}\u00bb][et_pb_column type=\u00bb4_4&#8243; _builder_version=\u00bb4.24.2&#8243; _module_preset=\u00bbdefault\u00bb global_colors_info=\u00bb{}\u00bb][et_pb_text _builder_version=\u00bb4.24.2&#8243; _module_preset=\u00bbdefault\u00bb header_font_size=\u00bb41px\u00bb global_colors_info=\u00bb{}\u00bb]<\/p>\n<h1>Programa de afiliados<\/h1>\n<p>[\/et_pb_text][et_pb_text _builder_version=\u00bb4.24.2&#8243; _module_preset=\u00bbdefault\u00bb global_colors_info=\u00bb{}\u00bb]<\/p>\n<p>Ganar dinero con el programa de afiliados de Apucons es muy f\u00e1cil. S\u00f3lo tienes que enviar a nuestra web clientes potenciales y nosotros hacemos el resto del trabajo.<\/p>\n<p>Obtendr\u00e1s un 20% de comisi\u00f3n por cada pago de la suscripci\u00f3n a Apucons que realicen los clientes que consigas.<\/p>\n<p>[\/et_pb_text][\/et_pb_column][\/et_pb_row][et_pb_row column_structure=\u00bb1_2,1_2&#8243; _builder_version=\u00bb4.24.2&#8243; _module_preset=\u00bbdefault\u00bb global_colors_info=\u00bb{}\u00bb][et_pb_column type=\u00bb1_2&#8243; _builder_version=\u00bb4.24.2&#8243; _module_preset=\u00bbdefault\u00bb global_colors_info=\u00bb{}\u00bb][et_pb_text _builder_version=\u00bb4.24.2&#8243; _module_preset=\u00bbdefault\u00bb global_colors_info=\u00bb{}\u00bb]<\/p>\n<p><strong>\u00bfC\u00f3mo funciona?<\/strong><\/p>\n<ul>\n<li>El visitante se registra a la prueba gratuita de Apucons.<\/li>\n<li>Nosotros realizamos las gestiones necesarias para que el cliente realice la compra (llamadas, demostraciones, seguimiento\u2026).<\/li>\n<li>De los visitantes que decidan comprar, recibir\u00e1s un 20% de comisi\u00f3n por cada pago que realicen.<\/li>\n<li>S\u00f3lo tienes que traer visitantes a nuestra p\u00e1gina web. \u00a1Nosotros nos encargamos del resto!<\/li>\n<\/ul>\n<p><strong>\u00bfC\u00f3mo recibo los pagos de las comisiones?<\/strong><\/p>\n<ul>\n<li>A trav\u00e9s de transferencia bancaria, recibir\u00e1s mensualmente los pagos de las comisiones que correspondan. Al registrarte, deber\u00e1s indicar tu cuenta bancaria.<\/li>\n<li>Si en un a\u00f1o no se hace ninguna venta, entonces se pierden todas las comisiones acumuladas que se fueran a cobrar a partir de ese momento. \u00a1Queremos afiliados en activo!<\/li>\n<\/ul>\n<p><strong>\u00bfQu\u00e9 coste tiene unirse al programa de afiliados de Apucons?<\/strong><\/p>\n<p>\u00a1No tiene ning\u00fan costo!<\/p>\n<p><strong>Hazte afiliado<\/strong><\/p>\n<p>Cont\u00e1ctanos hoy mismo para una demostraci\u00f3n personalizada y da el primer paso hacia tu \u00e9xito con Apucons.<\/p>\n<p>[\/et_pb_text][\/et_pb_column][et_pb_column type=\u00bb1_2&#8243; _builder_version=\u00bb4.24.2&#8243; _module_preset=\u00bbdefault\u00bb global_colors_info=\u00bb{}\u00bb][et_pb_image src=\u00bbhttps:\/\/www.apucons.com\/mx\/wp-content\/uploads\/sites\/4\/2024\/03\/ingeniera.png\u00bb alt=\u00bbingeniera con casco amarillo de apucons\u00bb title_text=\u00bbingeniera\u00bb _builder_version=\u00bb4.24.2&#8243; _module_preset=\u00bbdefault\u00bb global_colors_info=\u00bb{}\u00bb][\/et_pb_image][et_pb_image src=\u00bbhttps:\/\/www.apucons.com\/mx\/wp-content\/uploads\/sites\/4\/2024\/03\/mapa.png\u00bb title_text=\u00bbmapa\u00bb _builder_version=\u00bb4.24.2&#8243; _module_preset=\u00bbdefault\u00bb global_colors_info=\u00bb{}\u00bb][\/et_pb_image][\/et_pb_column][\/et_pb_row][et_pb_row _builder_version=\u00bb4.24.2&#8243; _module_preset=\u00bbdefault\u00bb global_colors_info=\u00bb{}\u00bb][et_pb_column type=\u00bb4_4&#8243; _builder_version=\u00bb4.24.2&#8243; _module_preset=\u00bbdefault\u00bb global_colors_info=\u00bb{}\u00bb][et_pb_text _builder_version=\u00bb4.24.2&#8243; _module_preset=\u00bbdefault\u00bb global_colors_info=\u00bb{}\u00bb]<\/p>\n<h5><strong>Cont\u00e1ctanos<\/strong>\u00a0hoy mismo para una demostraci\u00f3n personalizada y da el primer paso hacia tu\u00a0<strong>\u00e9xito con Apucons.<\/strong><\/h5>\n<p>[\/et_pb_text][et_pb_contact_form email=\u00bbgerencia@apucons.com\u00bb custom_message=\u00bbSe un representante Afiliado de Apucons:||et_pb_line_break_holder||Nombres y apellidos: %%name%%||et_pb_line_break_holder||Email: %%email%%||et_pb_line_break_holder||Tel\u00e9fono: %%telefono%%||et_pb_line_break_holder||Pa\u00eds Provincia: %%paisprovincia%%||et_pb_line_break_holder||Mensaje: %%message%%\u00bb success_message=\u00bbHemos recibido su informaci\u00f3n, pronto nos contacta contactaremos con usted\u00bb submit_button_text=\u00bbEnviar\u00bb _builder_version=\u00bb4.24.2&#8243; _module_preset=\u00bbdefault\u00bb _unique_id=\u00bb2b8a99e6-dbcb-4e4b-99cc-c4267ed3a2e4&#8243; custom_button=\u00bbon\u00bb button_text_color=\u00bb#343434&#8243; button_bg_color=\u00bb#FAE24D\u00bb button_border_width=\u00bb0px\u00bb button_icon=\u00bb&#xf0e0;||fa||900&#8243; hover_enabled=\u00bb0&#8243; global_colors_info=\u00bb{}\u00bb sticky_enabled=\u00bb0&#8243;][et_pb_contact_field field_id=\u00bbname\u00bb field_title=\u00bbNombre y Apellido\u00bb _builder_version=\u00bb4.24.2&#8243; global_colors_info=\u00bb{}\u00bb button_text_size__hover_enabled=\u00bboff\u00bb button_one_text_size__hover_enabled=\u00bboff\u00bb button_two_text_size__hover_enabled=\u00bboff\u00bb button_text_color__hover_enabled=\u00bboff\u00bb button_one_text_color__hover_enabled=\u00bboff\u00bb button_two_text_color__hover_enabled=\u00bboff\u00bb button_border_width__hover_enabled=\u00bboff\u00bb button_one_border_width__hover_enabled=\u00bboff\u00bb button_two_border_width__hover_enabled=\u00bboff\u00bb button_border_color__hover_enabled=\u00bboff\u00bb button_one_border_color__hover_enabled=\u00bboff\u00bb button_two_border_color__hover_enabled=\u00bboff\u00bb button_border_radius__hover_enabled=\u00bboff\u00bb button_one_border_radius__hover_enabled=\u00bboff\u00bb button_two_border_radius__hover_enabled=\u00bboff\u00bb button_letter_spacing__hover_enabled=\u00bboff\u00bb button_one_letter_spacing__hover_enabled=\u00bboff\u00bb button_two_letter_spacing__hover_enabled=\u00bboff\u00bb button_bg_color__hover_enabled=\u00bboff\u00bb button_one_bg_color__hover_enabled=\u00bboff\u00bb button_two_bg_color__hover_enabled=\u00bboff\u00bb][\/et_pb_contact_field][et_pb_contact_field field_id=\u00bbemail\u00bb field_title=\u00bbEmail Address\u00bb field_type=\u00bbemail\u00bb _builder_version=\u00bb4.24.2&#8243; global_colors_info=\u00bb{}\u00bb button_text_size__hover_enabled=\u00bboff\u00bb button_one_text_size__hover_enabled=\u00bboff\u00bb button_two_text_size__hover_enabled=\u00bboff\u00bb button_text_color__hover_enabled=\u00bboff\u00bb button_one_text_color__hover_enabled=\u00bboff\u00bb button_two_text_color__hover_enabled=\u00bboff\u00bb button_border_width__hover_enabled=\u00bboff\u00bb button_one_border_width__hover_enabled=\u00bboff\u00bb button_two_border_width__hover_enabled=\u00bboff\u00bb button_border_color__hover_enabled=\u00bboff\u00bb button_one_border_color__hover_enabled=\u00bboff\u00bb button_two_border_color__hover_enabled=\u00bboff\u00bb button_border_radius__hover_enabled=\u00bboff\u00bb button_one_border_radius__hover_enabled=\u00bboff\u00bb button_two_border_radius__hover_enabled=\u00bboff\u00bb button_letter_spacing__hover_enabled=\u00bboff\u00bb button_one_letter_spacing__hover_enabled=\u00bboff\u00bb button_two_letter_spacing__hover_enabled=\u00bboff\u00bb button_bg_color__hover_enabled=\u00bboff\u00bb button_one_bg_color__hover_enabled=\u00bboff\u00bb button_two_bg_color__hover_enabled=\u00bboff\u00bb][\/et_pb_contact_field][et_pb_contact_field field_id=\u00bbtelefono\u00bb field_title=\u00bbTel\u00e9fono\u00bb _builder_version=\u00bb4.24.2&#8243; _module_preset=\u00bbdefault\u00bb global_colors_info=\u00bb{}\u00bb][\/et_pb_contact_field][et_pb_contact_field field_id=\u00bbpaisprovincia\u00bb field_title=\u00bbPa\u00eds y provincia que quiere representar\u00bb _builder_version=\u00bb4.24.2&#8243; _module_preset=\u00bbdefault\u00bb global_colors_info=\u00bb{}\u00bb][\/et_pb_contact_field][et_pb_contact_field field_id=\u00bbmessage\u00bb field_title=\u00bbCu\u00e9ntanos por qu\u00e9 deseas unirte al Programa de Socios\u00bb field_type=\u00bbtext\u00bb fullwidth_field=\u00bbon\u00bb _builder_version=\u00bb4.24.2&#8243; hover_enabled=\u00bb0&#8243; global_colors_info=\u00bb{}\u00bb button_text_size__hover_enabled=\u00bboff\u00bb button_one_text_size__hover_enabled=\u00bboff\u00bb button_two_text_size__hover_enabled=\u00bboff\u00bb button_text_color__hover_enabled=\u00bboff\u00bb button_one_text_color__hover_enabled=\u00bboff\u00bb button_two_text_color__hover_enabled=\u00bboff\u00bb button_border_width__hover_enabled=\u00bboff\u00bb button_one_border_width__hover_enabled=\u00bboff\u00bb button_two_border_width__hover_enabled=\u00bboff\u00bb button_border_color__hover_enabled=\u00bboff\u00bb button_one_border_color__hover_enabled=\u00bboff\u00bb button_two_border_color__hover_enabled=\u00bboff\u00bb button_border_radius__hover_enabled=\u00bboff\u00bb button_one_border_radius__hover_enabled=\u00bboff\u00bb button_two_border_radius__hover_enabled=\u00bboff\u00bb button_letter_spacing__hover_enabled=\u00bboff\u00bb button_one_letter_spacing__hover_enabled=\u00bboff\u00bb button_two_letter_spacing__hover_enabled=\u00bboff\u00bb button_bg_color__hover_enabled=\u00bboff\u00bb button_one_bg_color__hover_enabled=\u00bboff\u00bb button_two_bg_color__hover_enabled=\u00bboff\u00bb sticky_enabled=\u00bb0&#8243;][\/et_pb_contact_field][\/et_pb_contact_form][\/et_pb_column][\/et_pb_row][\/et_pb_section]<\/p>\n","protected":false},"excerpt":{"rendered":"<p>Programa de afiliadosGanar dinero con el programa de afiliados de Apucons es muy f\u00e1cil. S\u00f3lo tienes que enviar a nuestra web clientes potenciales y nosotros hacemos el resto del trabajo. Obtendr\u00e1s un 20% de comisi\u00f3n por cada pago de la suscripci\u00f3n a Apucons que realicen los clientes que consigas.\u00bfC\u00f3mo funciona? El visitante se registra a [&hellip;]<\/p>\n","protected":false},"author":1,"featured_media":0,"parent":0,"menu_order":0,"comment_status":"closed","ping_status":"closed","template":"","meta":{"_et_pb_use_builder":"on","_et_pb_old_content":"","_et_gb_content_width":"","inline_featured_image":false,"_joinchat":[],"footnotes":""},"class_list":["post-658","page","type-page","status-publish","hentry"],"yoast_head":"<!-- This site is optimized with the Yoast SEO plugin v27.2 - https:\/\/yoast.com\/product\/yoast-seo-wordpress\/ -->\n<title>Programa de afiliados - Apucons Mexico<\/title>\n<meta name=\"robots\" content=\"index, follow, max-snippet:-1, max-image-preview:large, max-video-preview:-1\" \/>\n<link rel=\"canonical\" href=\"https:\/\/www.apucons.com\/mx\/programa-de-afiliados\/\" \/>\n<meta property=\"og:locale\" content=\"es_ES\" \/>\n<meta property=\"og:type\" content=\"article\" \/>\n<meta property=\"og:title\" content=\"Programa de afiliados - Apucons Mexico\" \/>\n<meta property=\"og:description\" content=\"Programa de afiliadosGanar dinero con el programa de afiliados de Apucons es muy f\u00e1cil. S\u00f3lo tienes que enviar a nuestra web clientes potenciales y nosotros hacemos el resto del trabajo. Obtendr\u00e1s un 20% de comisi\u00f3n por cada pago de la suscripci\u00f3n a Apucons que realicen los clientes que consigas.\u00bfC\u00f3mo funciona? El visitante se registra a [&hellip;]\" \/>\n<meta property=\"og:url\" content=\"https:\/\/www.apucons.com\/mx\/programa-de-afiliados\/\" \/>\n<meta property=\"og:site_name\" content=\"Apucons Mexico\" \/>\n<meta property=\"article:modified_time\" content=\"2024-04-29T19:09:24+00:00\" \/>\n<meta name=\"twitter:card\" content=\"summary_large_image\" \/>\n<meta name=\"twitter:label1\" content=\"Tiempo de lectura\" \/>\n\t<meta name=\"twitter:data1\" content=\"2 minutos\" \/>\n<script type=\"application\/ld+json\" class=\"yoast-schema-graph\">{\"@context\":\"https:\/\/schema.org\",\"@graph\":[{\"@type\":\"WebPage\",\"@id\":\"https:\/\/www.apucons.com\/mx\/programa-de-afiliados\/\",\"url\":\"https:\/\/www.apucons.com\/mx\/programa-de-afiliados\/\",\"name\":\"Programa de afiliados - Apucons Mexico\",\"isPartOf\":{\"@id\":\"https:\/\/www.apucons.com\/mx\/#website\"},\"datePublished\":\"2024-04-29T11:01:44+00:00\",\"dateModified\":\"2024-04-29T19:09:24+00:00\",\"breadcrumb\":{\"@id\":\"https:\/\/www.apucons.com\/mx\/programa-de-afiliados\/#breadcrumb\"},\"inLanguage\":\"es\",\"potentialAction\":[{\"@type\":\"ReadAction\",\"target\":[\"https:\/\/www.apucons.com\/mx\/programa-de-afiliados\/\"]}]},{\"@type\":\"BreadcrumbList\",\"@id\":\"https:\/\/www.apucons.com\/mx\/programa-de-afiliados\/#breadcrumb\",\"itemListElement\":[{\"@type\":\"ListItem\",\"position\":1,\"name\":\"Portada\",\"item\":\"https:\/\/www.apucons.com\/mx\/\"},{\"@type\":\"ListItem\",\"position\":2,\"name\":\"Programa de afiliados\"}]},{\"@type\":\"WebSite\",\"@id\":\"https:\/\/www.apucons.com\/mx\/#website\",\"url\":\"https:\/\/www.apucons.com\/mx\/\",\"name\":\"Apucons\",\"description\":\"Software Presupuestos de obra para Construcci\u00f3n\",\"publisher\":{\"@id\":\"https:\/\/www.apucons.com\/mx\/#organization\"},\"potentialAction\":[{\"@type\":\"SearchAction\",\"target\":{\"@type\":\"EntryPoint\",\"urlTemplate\":\"https:\/\/www.apucons.com\/mx\/?s={search_term_string}\"},\"query-input\":{\"@type\":\"PropertyValueSpecification\",\"valueRequired\":true,\"valueName\":\"search_term_string\"}}],\"inLanguage\":\"es\"},{\"@type\":\"Organization\",\"@id\":\"https:\/\/www.apucons.com\/mx\/#organization\",\"name\":\"Apucons\",\"url\":\"https:\/\/www.apucons.com\/mx\/\",\"logo\":{\"@type\":\"ImageObject\",\"inLanguage\":\"es\",\"@id\":\"https:\/\/www.apucons.com\/mx\/#\/schema\/logo\/image\/\",\"url\":\"https:\/\/www.apucons.com\/mx\/wp-content\/uploads\/sites\/4\/2024\/02\/logo_company-1.svg\",\"contentUrl\":\"https:\/\/www.apucons.com\/mx\/wp-content\/uploads\/sites\/4\/2024\/02\/logo_company-1.svg\",\"width\":\"1024\",\"height\":\"1024\",\"caption\":\"Apucons\"},\"image\":{\"@id\":\"https:\/\/www.apucons.com\/mx\/#\/schema\/logo\/image\/\"},\"sameAs\":[\"https:\/\/www.youtube.com\/@apucons\",\"https:\/\/www.linkedin.com\/in\/apucons-ecuador-bb6021303\/\"]}]}<\/script>\n<!-- \/ Yoast SEO plugin. -->","yoast_head_json":{"title":"Programa de afiliados - Apucons Mexico","robots":{"index":"index","follow":"follow","max-snippet":"max-snippet:-1","max-image-preview":"max-image-preview:large","max-video-preview":"max-video-preview:-1"},"canonical":"https:\/\/www.apucons.com\/mx\/programa-de-afiliados\/","og_locale":"es_ES","og_type":"article","og_title":"Programa de afiliados - Apucons Mexico","og_description":"Programa de afiliadosGanar dinero con el programa de afiliados de Apucons es muy f\u00e1cil. S\u00f3lo tienes que enviar a nuestra web clientes potenciales y nosotros hacemos el resto del trabajo. Obtendr\u00e1s un 20% de comisi\u00f3n por cada pago de la suscripci\u00f3n a Apucons que realicen los clientes que consigas.\u00bfC\u00f3mo funciona? El visitante se registra a [&hellip;]","og_url":"https:\/\/www.apucons.com\/mx\/programa-de-afiliados\/","og_site_name":"Apucons Mexico","article_modified_time":"2024-04-29T19:09:24+00:00","twitter_card":"summary_large_image","twitter_misc":{"Tiempo de lectura":"2 minutos"},"schema":{"@context":"https:\/\/schema.org","@graph":[{"@type":"WebPage","@id":"https:\/\/www.apucons.com\/mx\/programa-de-afiliados\/","url":"https:\/\/www.apucons.com\/mx\/programa-de-afiliados\/","name":"Programa de afiliados - Apucons Mexico","isPartOf":{"@id":"https:\/\/www.apucons.com\/mx\/#website"},"datePublished":"2024-04-29T11:01:44+00:00","dateModified":"2024-04-29T19:09:24+00:00","breadcrumb":{"@id":"https:\/\/www.apucons.com\/mx\/programa-de-afiliados\/#breadcrumb"},"inLanguage":"es","potentialAction":[{"@type":"ReadAction","target":["https:\/\/www.apucons.com\/mx\/programa-de-afiliados\/"]}]},{"@type":"BreadcrumbList","@id":"https:\/\/www.apucons.com\/mx\/programa-de-afiliados\/#breadcrumb","itemListElement":[{"@type":"ListItem","position":1,"name":"Portada","item":"https:\/\/www.apucons.com\/mx\/"},{"@type":"ListItem","position":2,"name":"Programa de afiliados"}]},{"@type":"WebSite","@id":"https:\/\/www.apucons.com\/mx\/#website","url":"https:\/\/www.apucons.com\/mx\/","name":"Apucons","description":"Software Presupuestos de obra para Construcci\u00f3n","publisher":{"@id":"https:\/\/www.apucons.com\/mx\/#organization"},"potentialAction":[{"@type":"SearchAction","target":{"@type":"EntryPoint","urlTemplate":"https:\/\/www.apucons.com\/mx\/?s={search_term_string}"},"query-input":{"@type":"PropertyValueSpecification","valueRequired":true,"valueName":"search_term_string"}}],"inLanguage":"es"},{"@type":"Organization","@id":"https:\/\/www.apucons.com\/mx\/#organization","name":"Apucons","url":"https:\/\/www.apucons.com\/mx\/","logo":{"@type":"ImageObject","inLanguage":"es","@id":"https:\/\/www.apucons.com\/mx\/#\/schema\/logo\/image\/","url":"https:\/\/www.apucons.com\/mx\/wp-content\/uploads\/sites\/4\/2024\/02\/logo_company-1.svg","contentUrl":"https:\/\/www.apucons.com\/mx\/wp-content\/uploads\/sites\/4\/2024\/02\/logo_company-1.svg","width":"1024","height":"1024","caption":"Apucons"},"image":{"@id":"https:\/\/www.apucons.com\/mx\/#\/schema\/logo\/image\/"},"sameAs":["https:\/\/www.youtube.com\/@apucons","https:\/\/www.linkedin.com\/in\/apucons-ecuador-bb6021303\/"]}]}},"_links":{"self":[{"href":"https:\/\/www.apucons.com\/mx\/wp-json\/wp\/v2\/pages\/658","targetHints":{"allow":["GET"]}}],"collection":[{"href":"https:\/\/www.apucons.com\/mx\/wp-json\/wp\/v2\/pages"}],"about":[{"href":"https:\/\/www.apucons.com\/mx\/wp-json\/wp\/v2\/types\/page"}],"author":[{"embeddable":true,"href":"https:\/\/www.apucons.com\/mx\/wp-json\/wp\/v2\/users\/1"}],"replies":[{"embeddable":true,"href":"https:\/\/www.apucons.com\/mx\/wp-json\/wp\/v2\/comments?post=658"}],"version-history":[{"count":7,"href":"https:\/\/www.apucons.com\/mx\/wp-json\/wp\/v2\/pages\/658\/revisions"}],"predecessor-version":[{"id":702,"href":"https:\/\/www.apucons.com\/mx\/wp-json\/wp\/v2\/pages\/658\/revisions\/702"}],"wp:attachment":[{"href":"https:\/\/www.apucons.com\/mx\/wp-json\/wp\/v2\/media?parent=658"}],"curies":[{"name":"wp","href":"https:\/\/api.w.org\/{rel}","templated":true}]}}